{"id":4931,"date":"2025-02-14T10:11:08","date_gmt":"2025-02-14T09:11:08","guid":{"rendered":"https:\/\/arzagot.com\/blog-2\/"},"modified":"2025-06-18T10:52:28","modified_gmt":"2025-06-18T08:52:28","slug":"blog","status":"publish","type":"page","link":"https:\/\/arzagot.com\/de\/blog\/","title":{"rendered":"Blog"},"content":{"rendered":"\t\t<div data-elementor-type=\"wp-page\" data-elementor-id=\"4931\" class=\"elementor elementor-4931 elementor-1164\" data-elementor-post-type=\"page\">\n\t\t\t\t<div class=\"elementor-element elementor-element-a1f50a6 e-flex e-con-boxed e-con e-parent\" data-id=\"a1f50a6\" data-element_type=\"container\" data-e-type=\"container\" data-settings=\"{&quot;background_background&quot;:&quot;classic&quot;}\">\n\t\t\t\t\t<div class=\"e-con-inner\">\n\t\t\t\t<div class=\"elementor-element elementor-element-912fbee elementor-widget elementor-widget-heading\" data-id=\"912fbee\" data-element_type=\"widget\" data-e-type=\"widget\" data-widget_type=\"heading.default\">\n\t\t\t\t\t<h1 class=\"elementor-heading-title elementor-size-default\">BLOG<\/h1>\t\t\t\t<\/div>\n\t\t\t\t\t<\/div>\n\t\t\t\t<\/div>\n\t\t<div class=\"elementor-element elementor-element-5edab16 e-flex e-con-boxed e-con e-parent\" data-id=\"5edab16\" data-element_type=\"container\" data-e-type=\"container\">\n\t\t\t\t\t<div class=\"e-con-inner\">\n\t\t\t\t<div class=\"elementor-element elementor-element-88d0801 elementor-grid-2 elementor-grid-tablet-2 elementor-grid-mobile-1 elementor-widget elementor-widget-loop-grid\" data-id=\"88d0801\" data-element_type=\"widget\" data-e-type=\"widget\" data-settings=\"{&quot;template_id&quot;:5398,&quot;columns&quot;:2,&quot;pagination_type&quot;:&quot;numbers&quot;,&quot;_skin&quot;:&quot;post&quot;,&quot;columns_tablet&quot;:&quot;2&quot;,&quot;columns_mobile&quot;:&quot;1&quot;,&quot;edit_handle_selector&quot;:&quot;[data-elementor-type=\\&quot;loop-item\\&quot;]&quot;,&quot;pagination_load_type&quot;:&quot;page_reload&quot;,&quot;row_gap&quot;:{&quot;unit&quot;:&quot;px&quot;,&quot;size&quot;:&quot;&quot;,&quot;sizes&quot;:[]},&quot;row_gap_tablet&quot;:{&quot;unit&quot;:&quot;px&quot;,&quot;size&quot;:&quot;&quot;,&quot;sizes&quot;:[]},&quot;row_gap_mobile&quot;:{&quot;unit&quot;:&quot;px&quot;,&quot;size&quot;:&quot;&quot;,&quot;sizes&quot;:[]}}\" data-widget_type=\"loop-grid.post\">\n\t\t\t\t<div class=\"elementor-widget-container\">\n\t\t\t\t\t\t\t<div class=\"elementor-loop-container elementor-grid\" role=\"list\">\n\t\t<style id=\"loop-5398\">.elementor-5398 .elementor-element.elementor-element-877d610{--display:flex;--flex-direction:column;--container-widget-width:100%;--container-widget-height:initial;--container-widget-flex-grow:0;--container-widget-align-self:initial;--flex-wrap-mobile:wrap;--padding-top:0px;--padding-bottom:0px;--padding-left:0px;--padding-right:0px;}.elementor-5398 .elementor-element.elementor-element-eed880f{--display:flex;--padding-top:0px;--padding-bottom:0px;--padding-left:0px;--padding-right:0px;}.elementor-5398 .elementor-element.elementor-element-c983cd4{--display:flex;--margin-top:0px;--margin-bottom:0px;--margin-left:0px;--margin-right:0px;--padding-top:0px;--padding-bottom:0px;--padding-left:0px;--padding-right:20px;}.elementor-5398 .elementor-element.elementor-element-c983cd4:not(.elementor-motion-effects-element-type-background), .elementor-5398 .elementor-element.elementor-element-c983cd4 > .elementor-motion-effects-container > .elementor-motion-effects-layer{background-color:var( --e-global-color-astglobalcolor2 );}.elementor-5398 .elementor-element.elementor-element-c983cd4.e-con{--align-self:center;}.elementor-5398 .elementor-element.elementor-element-ff28236 .elementor-heading-title{font-size:20px;font-weight:500;text-transform:uppercase;}.elementor-5398 .elementor-element.elementor-element-ff28236{padding:0px 0px 0px 0px;}.elementor-5398 .elementor-element.elementor-element-2754969{font-size:16px;line-height:1.5em;padding:0px 0px 0px 0px;}.elementor-5398 .elementor-element.elementor-element-a32163a .elementor-button{font-family:\"Poppins\", Sans-serif;font-size:20px;font-weight:500;fill:var( --e-global-color-astglobalcolor0 );color:var( --e-global-color-astglobalcolor0 );background-color:#FFFFFF00;transition-duration:0s;border-style:solid;border-width:0px 0px 01px 0px;border-color:var( --e-global-color-astglobalcolor1 );border-radius:0px 0px 0px 0px;padding:0px 0px 10px 0px;}.elementor-5398 .elementor-element.elementor-element-a32163a .elementor-button:hover, .elementor-5398 .elementor-element.elementor-element-a32163a .elementor-button:focus{border-color:var( --e-global-color-astglobalcolor0 );}@media(min-width:768px){.elementor-5398 .elementor-element.elementor-element-eed880f{--width:100%;}.elementor-5398 .elementor-element.elementor-element-c983cd4{--width:100%;}}@media(max-width:1024px) and (min-width:768px){.elementor-5398 .elementor-element.elementor-element-eed880f{--width:100%;}.elementor-5398 .elementor-element.elementor-element-c983cd4{--width:80%;}}@media(max-width:1024px){.elementor-5398 .elementor-element.elementor-element-c983cd4{--margin-top:-184px;--margin-bottom:0px;--margin-left:0px;--margin-right:0px;--padding-top:40px;--padding-bottom:40px;--padding-left:40px;--padding-right:40px;}.elementor-5398 .elementor-element.elementor-element-ff28236 .elementor-heading-title{font-size:26px;}}@media(max-width:767px){.elementor-5398 .elementor-element.elementor-element-c983cd4{--margin-top:-34px;--margin-bottom:0px;--margin-left:0px;--margin-right:0px;--padding-top:20px;--padding-bottom:20px;--padding-left:20px;--padding-right:20px;}.elementor-5398 .elementor-element.elementor-element-ff28236{padding:20px 0px 0px 0px;}}<\/style>\t\t<div data-elementor-type=\"loop-item\" data-elementor-id=\"5398\" class=\"elementor elementor-5398 elementor-1157 elementor-1157 e-loop-item e-loop-item-5488 post-5488 post type-post status-publish format-standard has-post-thumbnail hentry category-nicht-kategorisiert\" data-elementor-post-type=\"elementor_library\" data-custom-edit-handle=\"1\">\n\t\t\t<div class=\"elementor-element elementor-element-877d610 e-flex e-con-boxed e-con e-parent\" data-id=\"877d610\" data-element_type=\"container\" data-e-type=\"container\">\n\t\t\t\t\t<div class=\"e-con-inner\">\n\t\t<a class=\"elementor-element elementor-element-eed880f e-con-full e-flex e-con e-child\" data-id=\"eed880f\" data-element_type=\"container\" data-e-type=\"container\" data-settings=\"{&quot;background_background&quot;:&quot;classic&quot;}\" href=\"https:\/\/arzagot.com\/de\/arzagot-in-der-canal-sur-sendung-cometelo\/\">\n\t\t\t\t<div class=\"elementor-element elementor-element-ea852fe elementor-widget elementor-widget-theme-post-featured-image elementor-widget-image\" data-id=\"ea852fe\" data-element_type=\"widget\" data-e-type=\"widget\" data-widget_type=\"theme-post-featured-image.default\">\n\t\t\t\t\t\t\t\t\t\t\t\t\t\t\t\t<a href=\"https:\/\/arzagot.com\/de\/arzagot-in-der-canal-sur-sendung-cometelo\/\">\n\t\t\t\t\t\t\t<img decoding=\"async\" src=\"https:\/\/arzagot.com\/wp-content\/uploads\/elementor\/thumbs\/e18911b5a38045fda9a691e5e2b6d001-r7tohckwu9xnuvs5pzmtfmsledd51h1g2izztmyigm.jpg\" title=\"e18911b5a38045fda9a691e5e2b6d001\" alt=\"C\u00f3metelo, Canal Sur TV\" loading=\"lazy\" \/>\t\t\t\t\t\t\t\t<\/a>\n\t\t\t\t\t\t\t\t\t\t\t\t\t\t\t<\/div>\n\t\t\t\t<\/a>\n\t\t<div class=\"elementor-element elementor-element-c983cd4 e-con-full e-flex e-con e-child\" data-id=\"c983cd4\" data-element_type=\"container\" data-e-type=\"container\" data-settings=\"{&quot;background_background&quot;:&quot;classic&quot;}\">\n\t\t\t\t<div class=\"elementor-element elementor-element-ff28236 elementor-widget elementor-widget-heading\" data-id=\"ff28236\" data-element_type=\"widget\" data-e-type=\"widget\" data-widget_type=\"heading.default\">\n\t\t\t\t\t<h2 class=\"elementor-heading-title elementor-size-default\"><a href=\"https:\/\/arzagot.com\/de\/arzagot-in-der-canal-sur-sendung-cometelo\/\">Arzagot in der Canal Sur-Sendung &#8222;C\u00f3metelo&#8220;.<\/a><\/h2>\t\t\t\t<\/div>\n\t\t\t\t<div class=\"elementor-element elementor-element-2754969 elementor-widget elementor-widget-theme-post-excerpt\" data-id=\"2754969\" data-element_type=\"widget\" data-e-type=\"widget\" data-widget_type=\"theme-post-excerpt.default\">\n\t\t\t\t\t<p>Die Sendung &#8222;C\u00f3metelo&#8220; auf Canal Sur TV, moderiert vom K\u00fcchenchef Enrique S\u00e1nchez, berichtete \u00fcber das...\t\t\t\t<\/div>\n\t\t\t\t<div class=\"elementor-element elementor-element-a32163a elementor-align-left elementor-widget elementor-widget-button\" data-id=\"a32163a\" data-element_type=\"widget\" data-e-type=\"widget\" data-widget_type=\"button.default\">\n\t\t\t\t\t\t\t\t\t\t<a class=\"elementor-button elementor-button-link elementor-size-sm\" href=\"https:\/\/arzagot.com\/de\/arzagot-in-der-canal-sur-sendung-cometelo\/\">\n\t\t\t\t\t\t<span class=\"elementor-button-content-wrapper\">\n\t\t\t\t\t\t\t\t\t<span class=\"elementor-button-text\">WEITERE INFORMATIONEN<\/span>\n\t\t\t\t\t<\/span>\n\t\t\t\t\t<\/a>\n\t\t\t\t\t\t\t\t<\/div>\n\t\t\t\t<\/div>\n\t\t\t\t\t<\/div>\n\t\t\t\t<\/div>\n\t\t\t\t<\/div>\n\t\t\t\t<div data-elementor-type=\"loop-item\" data-elementor-id=\"5398\" class=\"elementor elementor-5398 elementor-1157 elementor-1157 e-loop-item e-loop-item-4906 post-4906 post type-post status-publish format-standard has-post-thumbnail hentry category-nicht-kategorisiert\" data-elementor-post-type=\"elementor_library\" data-custom-edit-handle=\"1\">\n\t\t\t<div class=\"elementor-element elementor-element-877d610 e-flex e-con-boxed e-con e-parent\" data-id=\"877d610\" data-element_type=\"container\" data-e-type=\"container\">\n\t\t\t\t\t<div class=\"e-con-inner\">\n\t\t<a class=\"elementor-element elementor-element-eed880f e-con-full e-flex e-con e-child\" data-id=\"eed880f\" data-element_type=\"container\" data-e-type=\"container\" data-settings=\"{&quot;background_background&quot;:&quot;classic&quot;}\" href=\"https:\/\/arzagot.com\/de\/blumen-und-walderdbeeren-picvert-nahert-sich-arzagot-an\/\">\n\t\t\t\t<div class=\"elementor-element elementor-element-ea852fe elementor-widget elementor-widget-theme-post-featured-image elementor-widget-image\" data-id=\"ea852fe\" data-element_type=\"widget\" data-e-type=\"widget\" data-widget_type=\"theme-post-featured-image.default\">\n\t\t\t\t\t\t\t\t\t\t\t\t\t\t\t\t<a href=\"https:\/\/arzagot.com\/de\/blumen-und-walderdbeeren-picvert-nahert-sich-arzagot-an\/\">\n\t\t\t\t\t\t\t<img decoding=\"async\" src=\"https:\/\/arzagot.com\/wp-content\/uploads\/elementor\/thumbs\/BLOG-ARZAGOT-r2brype7o0j4774s7yesi4uzano5xupznayui4bxti.jpg\" title=\"BLOG-ARZAGOT\" alt=\"BLOG-ARZAGOT\" loading=\"lazy\" \/>\t\t\t\t\t\t\t\t<\/a>\n\t\t\t\t\t\t\t\t\t\t\t\t\t\t\t<\/div>\n\t\t\t\t<\/a>\n\t\t<div class=\"elementor-element elementor-element-c983cd4 e-con-full e-flex e-con e-child\" data-id=\"c983cd4\" data-element_type=\"container\" data-e-type=\"container\" data-settings=\"{&quot;background_background&quot;:&quot;classic&quot;}\">\n\t\t\t\t<div class=\"elementor-element elementor-element-ff28236 elementor-widget elementor-widget-heading\" data-id=\"ff28236\" data-element_type=\"widget\" data-e-type=\"widget\" data-widget_type=\"heading.default\">\n\t\t\t\t\t<h2 class=\"elementor-heading-title elementor-size-default\"><a href=\"https:\/\/arzagot.com\/de\/blumen-und-walderdbeeren-picvert-nahert-sich-arzagot-an\/\">Blumen und Walderdbeeren: Picvert n\u00e4hert sich Arzagot an<\/a><\/h2>\t\t\t\t<\/div>\n\t\t\t\t<div class=\"elementor-element elementor-element-2754969 elementor-widget elementor-widget-theme-post-excerpt\" data-id=\"2754969\" data-element_type=\"widget\" data-e-type=\"widget\" data-widget_type=\"theme-post-excerpt.default\">\n\t\t\t\t\t<p>Auf der letzten Fruit Attraction in Madrid gab Jacques Deram\u00e9court, Pr\u00e4sident von Picvert, seine Beteiligung...\t\t\t\t<\/div>\n\t\t\t\t<div class=\"elementor-element elementor-element-a32163a elementor-align-left elementor-widget elementor-widget-button\" data-id=\"a32163a\" data-element_type=\"widget\" data-e-type=\"widget\" data-widget_type=\"button.default\">\n\t\t\t\t\t\t\t\t\t\t<a class=\"elementor-button elementor-button-link elementor-size-sm\" href=\"https:\/\/arzagot.com\/de\/blumen-und-walderdbeeren-picvert-nahert-sich-arzagot-an\/\">\n\t\t\t\t\t\t<span class=\"elementor-button-content-wrapper\">\n\t\t\t\t\t\t\t\t\t<span class=\"elementor-button-text\">WEITERE INFORMATIONEN<\/span>\n\t\t\t\t\t<\/span>\n\t\t\t\t\t<\/a>\n\t\t\t\t\t\t\t\t<\/div>\n\t\t\t\t<\/div>\n\t\t\t\t\t<\/div>\n\t\t\t\t<\/div>\n\t\t\t\t<\/div>\n\t\t\t\t<div data-elementor-type=\"loop-item\" data-elementor-id=\"5398\" class=\"elementor elementor-5398 elementor-1157 elementor-1157 e-loop-item e-loop-item-4904 post-4904 post type-post status-publish format-standard has-post-thumbnail hentry category-nicht-kategorisiert\" data-elementor-post-type=\"elementor_library\" data-custom-edit-handle=\"1\">\n\t\t\t<div class=\"elementor-element elementor-element-877d610 e-flex e-con-boxed e-con e-parent\" data-id=\"877d610\" data-element_type=\"container\" data-e-type=\"container\">\n\t\t\t\t\t<div class=\"e-con-inner\">\n\t\t<a class=\"elementor-element elementor-element-eed880f e-con-full e-flex e-con e-child\" data-id=\"eed880f\" data-element_type=\"container\" data-e-type=\"container\" data-settings=\"{&quot;background_background&quot;:&quot;classic&quot;}\" href=\"https:\/\/arzagot.com\/de\/zuschuss-emplea-t-programm-finanziert-durch-den-europaischen-sozialfonds\/\">\n\t\t\t\t<div class=\"elementor-element elementor-element-ea852fe elementor-widget elementor-widget-theme-post-featured-image elementor-widget-image\" data-id=\"ea852fe\" data-element_type=\"widget\" data-e-type=\"widget\" data-widget_type=\"theme-post-featured-image.default\">\n\t\t\t\t\t\t\t\t\t\t\t\t\t\t\t\t<a href=\"https:\/\/arzagot.com\/de\/zuschuss-emplea-t-programm-finanziert-durch-den-europaischen-sozialfonds\/\">\n\t\t\t\t\t\t\t<img decoding=\"async\" src=\"https:\/\/arzagot.com\/wp-content\/uploads\/elementor\/thumbs\/primer-plano-bandera-ondeante-realista-europa-texturas-interesantes_181624-16383-r24qplpihzwl3a8dp1dhssy1mopi6cggtu5g36clx2.avif\" title=\"primer-plano-bandera-ondeante-realista-europa-texturas-interesantes_181624-16383\" alt=\"primer-plano-bandera-ondeante-realista-europa-texturas-interesantes_181624-16383\" loading=\"lazy\" \/>\t\t\t\t\t\t\t\t<\/a>\n\t\t\t\t\t\t\t\t\t\t\t\t\t\t\t<\/div>\n\t\t\t\t<\/a>\n\t\t<div class=\"elementor-element elementor-element-c983cd4 e-con-full e-flex e-con e-child\" data-id=\"c983cd4\" data-element_type=\"container\" data-e-type=\"container\" data-settings=\"{&quot;background_background&quot;:&quot;classic&quot;}\">\n\t\t\t\t<div class=\"elementor-element elementor-element-ff28236 elementor-widget elementor-widget-heading\" data-id=\"ff28236\" data-element_type=\"widget\" data-e-type=\"widget\" data-widget_type=\"heading.default\">\n\t\t\t\t\t<h2 class=\"elementor-heading-title elementor-size-default\"><a href=\"https:\/\/arzagot.com\/de\/zuschuss-emplea-t-programm-finanziert-durch-den-europaischen-sozialfonds\/\">Zuschuss EMPLEA-T Programm Finanziert durch den Europ\u00e4ischen Sozialfonds<\/a><\/h2>\t\t\t\t<\/div>\n\t\t\t\t<div class=\"elementor-element elementor-element-2754969 elementor-widget elementor-widget-theme-post-excerpt\" data-id=\"2754969\" data-element_type=\"widget\" data-e-type=\"widget\" data-widget_type=\"theme-post-excerpt.default\">\n\t\t\t\t\t<p>Arzagot SL mit der Steuernummer B92418425 erhielt eine Beihilfe im Rahmen des Programms EMPLEA-T (Amtsblatt...\t\t\t\t<\/div>\n\t\t\t\t<div class=\"elementor-element elementor-element-a32163a elementor-align-left elementor-widget elementor-widget-button\" data-id=\"a32163a\" data-element_type=\"widget\" data-e-type=\"widget\" data-widget_type=\"button.default\">\n\t\t\t\t\t\t\t\t\t\t<a class=\"elementor-button elementor-button-link elementor-size-sm\" href=\"https:\/\/arzagot.com\/de\/zuschuss-emplea-t-programm-finanziert-durch-den-europaischen-sozialfonds\/\">\n\t\t\t\t\t\t<span class=\"elementor-button-content-wrapper\">\n\t\t\t\t\t\t\t\t\t<span class=\"elementor-button-text\">WEITERE INFORMATIONEN<\/span>\n\t\t\t\t\t<\/span>\n\t\t\t\t\t<\/a>\n\t\t\t\t\t\t\t\t<\/div>\n\t\t\t\t<\/div>\n\t\t\t\t\t<\/div>\n\t\t\t\t<\/div>\n\t\t\t\t<\/div>\n\t\t\t\t<div data-elementor-type=\"loop-item\" data-elementor-id=\"5398\" class=\"elementor elementor-5398 elementor-1157 elementor-1157 e-loop-item e-loop-item-4905 post-4905 post type-post status-publish format-standard has-post-thumbnail hentry category-nicht-kategorisiert\" data-elementor-post-type=\"elementor_library\" data-custom-edit-handle=\"1\">\n\t\t\t<div class=\"elementor-element elementor-element-877d610 e-flex e-con-boxed e-con e-parent\" data-id=\"877d610\" data-element_type=\"container\" data-e-type=\"container\">\n\t\t\t\t\t<div class=\"e-con-inner\">\n\t\t<a class=\"elementor-element elementor-element-eed880f e-con-full e-flex e-con e-child\" data-id=\"eed880f\" data-element_type=\"container\" data-e-type=\"container\" data-settings=\"{&quot;background_background&quot;:&quot;classic&quot;}\" href=\"https:\/\/arzagot.com\/de\/claire-heitzler-eine-bodenstandige-konditorin-es-ist-wichtig-dass-die-fruchte-sonne-bekommen\/\">\n\t\t\t\t<div class=\"elementor-element elementor-element-ea852fe elementor-widget elementor-widget-theme-post-featured-image elementor-widget-image\" data-id=\"ea852fe\" data-element_type=\"widget\" data-e-type=\"widget\" data-widget_type=\"theme-post-featured-image.default\">\n\t\t\t\t\t\t\t\t\t\t\t\t\t\t\t\t<a href=\"https:\/\/arzagot.com\/de\/claire-heitzler-eine-bodenstandige-konditorin-es-ist-wichtig-dass-die-fruchte-sonne-bekommen\/\">\n\t\t\t\t\t\t\t<img decoding=\"async\" src=\"https:\/\/arzagot.com\/wp-content\/uploads\/elementor\/thumbs\/TARTA-DE-FRESAS-1-r2bryqc1uukeit3f2gtf2mmfw1jj5jtpzfmbzeajna.jpg\" title=\"TARTA DE FRESAS\" alt=\"TARTA DE FRESAS\" loading=\"lazy\" \/>\t\t\t\t\t\t\t\t<\/a>\n\t\t\t\t\t\t\t\t\t\t\t\t\t\t\t<\/div>\n\t\t\t\t<\/a>\n\t\t<div class=\"elementor-element elementor-element-c983cd4 e-con-full e-flex e-con e-child\" data-id=\"c983cd4\" data-element_type=\"container\" data-e-type=\"container\" data-settings=\"{&quot;background_background&quot;:&quot;classic&quot;}\">\n\t\t\t\t<div class=\"elementor-element elementor-element-ff28236 elementor-widget elementor-widget-heading\" data-id=\"ff28236\" data-element_type=\"widget\" data-e-type=\"widget\" data-widget_type=\"heading.default\">\n\t\t\t\t\t<h2 class=\"elementor-heading-title elementor-size-default\"><a href=\"https:\/\/arzagot.com\/de\/claire-heitzler-eine-bodenstandige-konditorin-es-ist-wichtig-dass-die-fruchte-sonne-bekommen\/\">\u201eClaire Heitzler, eine bodenst\u00e4ndige Konditorin:\u201c Es ist wichtig, dass die Fr\u00fcchte Sonne bekommen<\/a><\/h2>\t\t\t\t<\/div>\n\t\t\t\t<div class=\"elementor-element elementor-element-2754969 elementor-widget elementor-widget-theme-post-excerpt\" data-id=\"2754969\" data-element_type=\"widget\" data-e-type=\"widget\" data-widget_type=\"theme-post-excerpt.default\">\n\t\t\t\t\t<p>Von ihrem B\u00fcro-Labor-Tresen in Hauts-de-Seine aus bietet Claire Heitzler eine kleine Auswahl an Backwaren an,...\t\t\t\t<\/div>\n\t\t\t\t<div class=\"elementor-element elementor-element-a32163a elementor-align-left elementor-widget elementor-widget-button\" data-id=\"a32163a\" data-element_type=\"widget\" data-e-type=\"widget\" data-widget_type=\"button.default\">\n\t\t\t\t\t\t\t\t\t\t<a class=\"elementor-button elementor-button-link elementor-size-sm\" href=\"https:\/\/arzagot.com\/de\/claire-heitzler-eine-bodenstandige-konditorin-es-ist-wichtig-dass-die-fruchte-sonne-bekommen\/\">\n\t\t\t\t\t\t<span class=\"elementor-button-content-wrapper\">\n\t\t\t\t\t\t\t\t\t<span class=\"elementor-button-text\">WEITERE INFORMATIONEN<\/span>\n\t\t\t\t\t<\/span>\n\t\t\t\t\t<\/a>\n\t\t\t\t\t\t\t\t<\/div>\n\t\t\t\t<\/div>\n\t\t\t\t\t<\/div>\n\t\t\t\t<\/div>\n\t\t\t\t<\/div>\n\t\t\t\t<div data-elementor-type=\"loop-item\" data-elementor-id=\"5398\" class=\"elementor elementor-5398 elementor-1157 elementor-1157 e-loop-item e-loop-item-4907 post-4907 post type-post status-publish format-standard has-post-thumbnail hentry category-nicht-kategorisiert\" data-elementor-post-type=\"elementor_library\" data-custom-edit-handle=\"1\">\n\t\t\t<div class=\"elementor-element elementor-element-877d610 e-flex e-con-boxed e-con e-parent\" data-id=\"877d610\" data-element_type=\"container\" data-e-type=\"container\">\n\t\t\t\t\t<div class=\"e-con-inner\">\n\t\t<a class=\"elementor-element elementor-element-eed880f e-con-full e-flex e-con e-child\" data-id=\"eed880f\" data-element_type=\"container\" data-e-type=\"container\" data-settings=\"{&quot;background_background&quot;:&quot;classic&quot;}\" href=\"https:\/\/arzagot.com\/de\/der-groste-produzent-von-walderdbeeren-in-spanien-befindet-sich-in-axarquia\/\">\n\t\t\t\t<div class=\"elementor-element elementor-element-ea852fe elementor-widget elementor-widget-theme-post-featured-image elementor-widget-image\" data-id=\"ea852fe\" data-element_type=\"widget\" data-e-type=\"widget\" data-widget_type=\"theme-post-featured-image.default\">\n\t\t\t\t\t\t\t\t\t\t\t\t\t\t\t\t<a href=\"https:\/\/arzagot.com\/de\/der-groste-produzent-von-walderdbeeren-in-spanien-befindet-sich-in-axarquia\/\">\n\t\t\t\t\t\t\t<img decoding=\"async\" src=\"https:\/\/arzagot.com\/wp-content\/uploads\/elementor\/thumbs\/fresas_xoptimizadax-660x371-1-r2bslh1h7jp5f6279spgwe0xang8dx3xfzu8zekn3q.webp\" title=\"fresas_xoptimizadax&#8211;660&#215;371\" alt=\"fresas_xoptimizadax--660x371\" loading=\"lazy\" \/>\t\t\t\t\t\t\t\t<\/a>\n\t\t\t\t\t\t\t\t\t\t\t\t\t\t\t<\/div>\n\t\t\t\t<\/a>\n\t\t<div class=\"elementor-element elementor-element-c983cd4 e-con-full e-flex e-con e-child\" data-id=\"c983cd4\" data-element_type=\"container\" data-e-type=\"container\" data-settings=\"{&quot;background_background&quot;:&quot;classic&quot;}\">\n\t\t\t\t<div class=\"elementor-element elementor-element-ff28236 elementor-widget elementor-widget-heading\" data-id=\"ff28236\" data-element_type=\"widget\" data-e-type=\"widget\" data-widget_type=\"heading.default\">\n\t\t\t\t\t<h2 class=\"elementor-heading-title elementor-size-default\"><a href=\"https:\/\/arzagot.com\/de\/der-groste-produzent-von-walderdbeeren-in-spanien-befindet-sich-in-axarquia\/\">Der gr\u00f6\u00dfte Produzent von Walderdbeeren in Spanien befindet sich in Axarqu\u00eda.<\/a><\/h2>\t\t\t\t<\/div>\n\t\t\t\t<div class=\"elementor-element elementor-element-2754969 elementor-widget elementor-widget-theme-post-excerpt\" data-id=\"2754969\" data-element_type=\"widget\" data-e-type=\"widget\" data-widget_type=\"theme-post-excerpt.default\">\n\t\t\t\t\t<p>Das Unternehmen hei\u00dft Arzagot und baut seit 43 Jahren Walderdbeeren in Axarqu\u00eda an und produziert...\t\t\t\t<\/div>\n\t\t\t\t<div class=\"elementor-element elementor-element-a32163a elementor-align-left elementor-widget elementor-widget-button\" data-id=\"a32163a\" data-element_type=\"widget\" data-e-type=\"widget\" data-widget_type=\"button.default\">\n\t\t\t\t\t\t\t\t\t\t<a class=\"elementor-button elementor-button-link elementor-size-sm\" href=\"https:\/\/arzagot.com\/de\/der-groste-produzent-von-walderdbeeren-in-spanien-befindet-sich-in-axarquia\/\">\n\t\t\t\t\t\t<span class=\"elementor-button-content-wrapper\">\n\t\t\t\t\t\t\t\t\t<span class=\"elementor-button-text\">WEITERE INFORMATIONEN<\/span>\n\t\t\t\t\t<\/span>\n\t\t\t\t\t<\/a>\n\t\t\t\t\t\t\t\t<\/div>\n\t\t\t\t<\/div>\n\t\t\t\t\t<\/div>\n\t\t\t\t<\/div>\n\t\t\t\t<\/div>\n\t\t\t\t<\/div>\n\t\t\n\t\t\t\t\t\t<\/div>\n\t\t\t\t<\/div>\n\t\t\t\t\t<\/div>\n\t\t\t\t<\/div>\n\t\t\t\t<\/div>\n\t\t","protected":false},"excerpt":{"rendered":"<p>BLOG<\/p>\n","protected":false},"author":1,"featured_media":0,"parent":0,"menu_order":0,"comment_status":"closed","ping_status":"closed","template":"","meta":{"site-sidebar-layout":"no-sidebar","site-content-layout":"page-builder","ast-site-content-layout":"full-width-container","site-content-style":"default","site-sidebar-style":"default","ast-global-header-display":"","ast-banner-title-visibility":"","ast-main-header-display":"","ast-hfb-above-header-display":"","ast-hfb-below-header-display":"","ast-hfb-mobile-header-display":"","site-post-title":"disabled","ast-breadcrumbs-content":"","ast-featured-img":"disabled","footer-sml-layout":"","ast-disable-related-posts":"","theme-transparent-header-meta":"","adv-header-id-meta":"","stick-header-meta":"","header-above-stick-meta":"","header-main-stick-meta":"","header-below-stick-meta":"","astra-migrate-meta-layouts":"default","ast-page-background-enabled":"default","ast-page-background-meta":{"desktop":{"background-color":"","background-image":"","background-repeat":"repeat","background-position":"center center","background-size":"auto","background-attachment":"scroll","background-type":"","background-media":"","overlay-type":"","overlay-color":"","overlay-opacity":"","overlay-gradient":""},"tablet":{"background-color":"","background-image":"","background-repeat":"repeat","background-position":"center center","background-size":"auto","background-attachment":"scroll","background-type":"","background-media":"","overlay-type":"","overlay-color":"","overlay-opacity":"","overlay-gradient":""},"mobile":{"background-color":"","background-image":"","background-repeat":"repeat","background-position":"center center","background-size":"auto","background-attachment":"scroll","background-type":"","background-media":"","overlay-type":"","overlay-color":"","overlay-opacity":"","overlay-gradient":""}},"ast-content-background-meta":{"desktop":{"background-color":"var(--ast-global-color-5)","background-image":"","background-repeat":"repeat","background-position":"center center","background-size":"auto","background-attachment":"scroll","background-type":"","background-media":"","overlay-type":"","overlay-color":"","overlay-opacity":"","overlay-gradient":""},"tablet":{"background-color":"var(--ast-global-color-5)","background-image":"","background-repeat":"repeat","background-position":"center center","background-size":"auto","background-attachment":"scroll","background-type":"","background-media":"","overlay-type":"","overlay-color":"","overlay-opacity":"","overlay-gradient":""},"mobile":{"background-color":"var(--ast-global-color-5)","background-image":"","background-repeat":"repeat","background-position":"center center","background-size":"auto","background-attachment":"scroll","background-type":"","background-media":"","overlay-type":"","overlay-color":"","overlay-opacity":"","overlay-gradient":""}},"footnotes":""},"class_list":["post-4931","page","type-page","status-publish","hentry"],"_links":{"self":[{"href":"https:\/\/arzagot.com\/de\/wp-json\/wp\/v2\/pages\/4931","targetHints":{"allow":["GET"]}}],"collection":[{"href":"https:\/\/arzagot.com\/de\/wp-json\/wp\/v2\/pages"}],"about":[{"href":"https:\/\/arzagot.com\/de\/wp-json\/wp\/v2\/types\/page"}],"author":[{"embeddable":true,"href":"https:\/\/arzagot.com\/de\/wp-json\/wp\/v2\/users\/1"}],"replies":[{"embeddable":true,"href":"https:\/\/arzagot.com\/de\/wp-json\/wp\/v2\/comments?post=4931"}],"version-history":[{"count":1,"href":"https:\/\/arzagot.com\/de\/wp-json\/wp\/v2\/pages\/4931\/revisions"}],"predecessor-version":[{"id":4951,"href":"https:\/\/arzagot.com\/de\/wp-json\/wp\/v2\/pages\/4931\/revisions\/4951"}],"wp:attachment":[{"href":"https:\/\/arzagot.com\/de\/wp-json\/wp\/v2\/media?parent=4931"}],"curies":[{"name":"wp","href":"https:\/\/api.w.org\/{rel}","templated":true}]}}