{"id":4932,"date":"2025-02-10T13:11:18","date_gmt":"2025-02-10T12:11:18","guid":{"rendered":"https:\/\/arzagot.com\/wer-wir-sind\/"},"modified":"2025-07-28T10:34:43","modified_gmt":"2025-07-28T08:34:43","slug":"wer-sind-wir","status":"publish","type":"page","link":"https:\/\/arzagot.com\/de\/wer-sind-wir\/","title":{"rendered":"Wer sind wir"},"content":{"rendered":"\t\t<div data-elementor-type=\"wp-page\" data-elementor-id=\"4932\" class=\"elementor elementor-4932 elementor-535\" data-elementor-post-type=\"page\">\n\t\t\t\t<div class=\"elementor-element elementor-element-854534f e-flex e-con-boxed e-con e-parent\" data-id=\"854534f\" data-element_type=\"container\" data-e-type=\"container\">\n\t\t\t\t\t<div class=\"e-con-inner\">\n\t\t<div class=\"elementor-element elementor-element-c880f68 e-con-full e-flex e-con e-child\" data-id=\"c880f68\" data-element_type=\"container\" data-e-type=\"container\" data-settings=\"{&quot;background_background&quot;:&quot;classic&quot;}\">\n\t\t\t\t<div class=\"elementor-element elementor-element-190390a elementor-widget elementor-widget-spacer\" data-id=\"190390a\" data-element_type=\"widget\" data-e-type=\"widget\" data-widget_type=\"spacer.default\">\n\t\t\t\t\t\t\t<div class=\"elementor-spacer\">\n\t\t\t<div class=\"elementor-spacer-inner\"><\/div>\n\t\t<\/div>\n\t\t\t\t\t\t<\/div>\n\t\t\t\t<\/div>\n\t\t<div class=\"elementor-element elementor-element-91d2708 e-con-full e-flex e-con e-child\" data-id=\"91d2708\" data-element_type=\"container\" data-e-type=\"container\" data-settings=\"{&quot;background_background&quot;:&quot;classic&quot;}\">\n\t\t\t\t<div class=\"elementor-element elementor-element-33a9397 elementor-widget elementor-widget-heading\" data-id=\"33a9397\" data-element_type=\"widget\" data-e-type=\"widget\" data-widget_type=\"heading.default\">\n\t\t\t\t\t<h1 class=\"elementor-heading-title elementor-size-default\">WER SIND WIR<\/h1>\t\t\t\t<\/div>\n\t\t\t\t<\/div>\n\t\t\t\t\t<\/div>\n\t\t\t\t<\/div>\n\t\t<div class=\"elementor-element elementor-element-c2cff13 e-flex e-con-boxed e-con e-parent\" data-id=\"c2cff13\" data-element_type=\"container\" data-e-type=\"container\">\n\t\t\t\t\t<div class=\"e-con-inner\">\n\t\t\t\t<div class=\"elementor-element elementor-element-0c0bfa4 elementor-widget elementor-widget-text-editor\" data-id=\"0c0bfa4\" data-element_type=\"widget\" data-e-type=\"widget\" data-widget_type=\"text-editor.default\">\n\t\t\t\t\t\t\t\t\t<p>Das Team von Arzagot ist seit \u00fcber 60 Jahren Produzent und Spezialist f\u00fcr Walderdbeeren und essbare Blumen und hat sich verpflichtet, au\u00dfergew\u00f6hnliche Produkte anzubieten.<\/p><p>Durch die Verbindung von Tradition garantieren wir Frische, Qualit\u00e4t und Respekt vor der Natur bei jeder Ernte.<\/p>\t\t\t\t\t\t\t\t<\/div>\n\t\t\t\t\t<\/div>\n\t\t\t\t<\/div>\n\t\t<div class=\"elementor-element elementor-element-bc903bc e-flex e-con-boxed e-con e-parent\" data-id=\"bc903bc\" data-element_type=\"container\" data-e-type=\"container\">\n\t\t\t\t\t<div class=\"e-con-inner\">\n\t\t<div class=\"elementor-element elementor-element-d500ef6 e-con-full e-grid e-con e-child\" data-id=\"d500ef6\" data-element_type=\"container\" data-e-type=\"container\" data-settings=\"{&quot;background_background&quot;:&quot;classic&quot;}\">\n\t\t\t\t<div class=\"elementor-element elementor-element-306adf9 elementor-widget elementor-widget-image\" data-id=\"306adf9\" data-element_type=\"widget\" data-e-type=\"widget\" data-widget_type=\"image.default\">\n\t\t\t\t\t\t\t\t\t\t\t\t\t\t\t\t<a href=\"https:\/\/arzagot.com\/wp-content\/uploads\/2025\/02\/ARZAGOT-284.jpg\" data-elementor-open-lightbox=\"yes\" data-e-action-hash=\"#elementor-action%3Aaction%3Dlightbox%26settings%3DeyJpZCI6NDk0MiwidXJsIjoiaHR0cHM6XC9cL2FyemFnb3QuY29tXC93cC1jb250ZW50XC91cGxvYWRzXC8yMDI1XC8wMlwvQVJaQUdPVC0yODQuanBnIn0%3D\">\n\t\t\t\t\t\t\t<img fetchpriority=\"high\" decoding=\"async\" width=\"1400\" height=\"933\" src=\"https:\/\/arzagot.com\/wp-content\/uploads\/2025\/02\/ARZAGOT-284.jpg\" class=\"elementor-animation-float attachment-full size-full wp-image-4942\" alt=\"\" srcset=\"https:\/\/arzagot.com\/wp-content\/uploads\/2025\/02\/ARZAGOT-284.jpg 1400w, https:\/\/arzagot.com\/wp-content\/uploads\/2025\/02\/ARZAGOT-284-300x200.jpg 300w, https:\/\/arzagot.com\/wp-content\/uploads\/2025\/02\/ARZAGOT-284-1024x682.jpg 1024w, https:\/\/arzagot.com\/wp-content\/uploads\/2025\/02\/ARZAGOT-284-768x512.jpg 768w\" sizes=\"(max-width: 1400px) 100vw, 1400px\" \/>\t\t\t\t\t\t\t\t<\/a>\n\t\t\t\t\t\t\t\t\t\t\t\t\t\t\t<\/div>\n\t\t\t\t<div class=\"elementor-element elementor-element-e2f10f3 elementor-widget elementor-widget-image\" data-id=\"e2f10f3\" data-element_type=\"widget\" data-e-type=\"widget\" data-widget_type=\"image.default\">\n\t\t\t\t\t\t\t\t\t\t\t\t\t\t\t\t<a href=\"https:\/\/arzagot.com\/wp-content\/uploads\/2025\/02\/ARZAGOT-207.jpg\" data-elementor-open-lightbox=\"yes\" data-e-action-hash=\"#elementor-action%3Aaction%3Dlightbox%26settings%3DeyJpZCI6NDk0NiwidXJsIjoiaHR0cHM6XC9cL2FyemFnb3QuY29tXC93cC1jb250ZW50XC91cGxvYWRzXC8yMDI1XC8wMlwvQVJaQUdPVC0yMDcuanBnIn0%3D\">\n\t\t\t\t\t\t\t<img decoding=\"async\" width=\"1024\" height=\"682\" src=\"https:\/\/arzagot.com\/wp-content\/uploads\/2025\/02\/ARZAGOT-207-1024x682.jpg\" class=\"elementor-animation-float attachment-large size-large wp-image-4946\" alt=\"\" srcset=\"https:\/\/arzagot.com\/wp-content\/uploads\/2025\/02\/ARZAGOT-207-1024x682.jpg 1024w, https:\/\/arzagot.com\/wp-content\/uploads\/2025\/02\/ARZAGOT-207-300x200.jpg 300w, https:\/\/arzagot.com\/wp-content\/uploads\/2025\/02\/ARZAGOT-207-768x512.jpg 768w, https:\/\/arzagot.com\/wp-content\/uploads\/2025\/02\/ARZAGOT-207.jpg 1400w\" sizes=\"(max-width: 1024px) 100vw, 1024px\" \/>\t\t\t\t\t\t\t\t<\/a>\n\t\t\t\t\t\t\t\t\t\t\t\t\t\t\t<\/div>\n\t\t\t\t<div class=\"elementor-element elementor-element-ceec6ac elementor-widget elementor-widget-image\" data-id=\"ceec6ac\" data-element_type=\"widget\" data-e-type=\"widget\" data-widget_type=\"image.default\">\n\t\t\t\t\t\t\t\t\t\t\t\t\t\t\t\t<a href=\"https:\/\/arzagot.com\/wp-content\/uploads\/2025\/02\/ARZAGOT-262.jpg\" data-elementor-open-lightbox=\"yes\" data-e-action-hash=\"#elementor-action%3Aaction%3Dlightbox%26settings%3DeyJpZCI6NDk0MCwidXJsIjoiaHR0cHM6XC9cL2FyemFnb3QuY29tXC93cC1jb250ZW50XC91cGxvYWRzXC8yMDI1XC8wMlwvQVJaQUdPVC0yNjIuanBnIn0%3D\">\n\t\t\t\t\t\t\t<img decoding=\"async\" width=\"1024\" height=\"682\" src=\"https:\/\/arzagot.com\/wp-content\/uploads\/2025\/02\/ARZAGOT-262-1024x682.jpg\" class=\"elementor-animation-float attachment-large size-large wp-image-4940\" alt=\"\" srcset=\"https:\/\/arzagot.com\/wp-content\/uploads\/2025\/02\/ARZAGOT-262-1024x682.jpg 1024w, https:\/\/arzagot.com\/wp-content\/uploads\/2025\/02\/ARZAGOT-262-300x200.jpg 300w, https:\/\/arzagot.com\/wp-content\/uploads\/2025\/02\/ARZAGOT-262-768x512.jpg 768w, https:\/\/arzagot.com\/wp-content\/uploads\/2025\/02\/ARZAGOT-262.jpg 1400w\" sizes=\"(max-width: 1024px) 100vw, 1024px\" \/>\t\t\t\t\t\t\t\t<\/a>\n\t\t\t\t\t\t\t\t\t\t\t\t\t\t\t<\/div>\n\t\t\t\t<div class=\"elementor-element elementor-element-e3caac6 elementor-widget elementor-widget-image\" data-id=\"e3caac6\" data-element_type=\"widget\" data-e-type=\"widget\" data-widget_type=\"image.default\">\n\t\t\t\t\t\t\t\t\t\t\t\t\t\t\t\t<a href=\"https:\/\/arzagot.com\/wp-content\/uploads\/2025\/02\/ARZAGOT-127.jpg\" data-elementor-open-lightbox=\"yes\" data-e-action-hash=\"#elementor-action%3Aaction%3Dlightbox%26settings%3DeyJpZCI6NDk0OCwidXJsIjoiaHR0cHM6XC9cL2FyemFnb3QuY29tXC93cC1jb250ZW50XC91cGxvYWRzXC8yMDI1XC8wMlwvQVJaQUdPVC0xMjcuanBnIn0%3D\">\n\t\t\t\t\t\t\t<img loading=\"lazy\" decoding=\"async\" width=\"1024\" height=\"682\" src=\"https:\/\/arzagot.com\/wp-content\/uploads\/2025\/02\/ARZAGOT-127-1024x682.jpg\" class=\"elementor-animation-float attachment-large size-large wp-image-4948\" alt=\"\" srcset=\"https:\/\/arzagot.com\/wp-content\/uploads\/2025\/02\/ARZAGOT-127-1024x682.jpg 1024w, https:\/\/arzagot.com\/wp-content\/uploads\/2025\/02\/ARZAGOT-127-300x200.jpg 300w, https:\/\/arzagot.com\/wp-content\/uploads\/2025\/02\/ARZAGOT-127-768x512.jpg 768w, https:\/\/arzagot.com\/wp-content\/uploads\/2025\/02\/ARZAGOT-127.jpg 1400w\" sizes=\"(max-width: 1024px) 100vw, 1024px\" \/>\t\t\t\t\t\t\t\t<\/a>\n\t\t\t\t\t\t\t\t\t\t\t\t\t\t\t<\/div>\n\t\t\t\t<div class=\"elementor-element elementor-element-8e1b725 elementor-widget elementor-widget-image\" data-id=\"8e1b725\" data-element_type=\"widget\" data-e-type=\"widget\" data-widget_type=\"image.default\">\n\t\t\t\t\t\t\t\t\t\t\t\t\t\t\t\t<a href=\"https:\/\/arzagot.com\/wp-content\/uploads\/2025\/02\/ARZAGOT-236.jpg\" data-elementor-open-lightbox=\"yes\" data-e-action-hash=\"#elementor-action%3Aaction%3Dlightbox%26settings%3DeyJpZCI6NDkzOCwidXJsIjoiaHR0cHM6XC9cL2FyemFnb3QuY29tXC93cC1jb250ZW50XC91cGxvYWRzXC8yMDI1XC8wMlwvQVJaQUdPVC0yMzYuanBnIn0%3D\">\n\t\t\t\t\t\t\t<img loading=\"lazy\" decoding=\"async\" width=\"1024\" height=\"682\" src=\"https:\/\/arzagot.com\/wp-content\/uploads\/2025\/02\/ARZAGOT-236-1024x682.jpg\" class=\"elementor-animation-float attachment-large size-large wp-image-4938\" alt=\"\" srcset=\"https:\/\/arzagot.com\/wp-content\/uploads\/2025\/02\/ARZAGOT-236-1024x682.jpg 1024w, https:\/\/arzagot.com\/wp-content\/uploads\/2025\/02\/ARZAGOT-236-300x200.jpg 300w, https:\/\/arzagot.com\/wp-content\/uploads\/2025\/02\/ARZAGOT-236-768x512.jpg 768w, https:\/\/arzagot.com\/wp-content\/uploads\/2025\/02\/ARZAGOT-236.jpg 1400w\" sizes=\"(max-width: 1024px) 100vw, 1024px\" \/>\t\t\t\t\t\t\t\t<\/a>\n\t\t\t\t\t\t\t\t\t\t\t\t\t\t\t<\/div>\n\t\t\t\t<\/div>\n\t\t\t\t\t<\/div>\n\t\t\t\t<\/div>\n\t\t<div class=\"elementor-element elementor-element-9146732 e-flex e-con-boxed e-con e-parent\" data-id=\"9146732\" data-element_type=\"container\" data-e-type=\"container\">\n\t\t\t\t\t<div class=\"e-con-inner\">\n\t\t\t\t<div class=\"elementor-element elementor-element-05eb10d elementor-widget elementor-widget-spacer\" data-id=\"05eb10d\" data-element_type=\"widget\" data-e-type=\"widget\" data-widget_type=\"spacer.default\">\n\t\t\t\t\t\t\t<div class=\"elementor-spacer\">\n\t\t\t<div class=\"elementor-spacer-inner\"><\/div>\n\t\t<\/div>\n\t\t\t\t\t\t<\/div>\n\t\t\t\t\t<\/div>\n\t\t\t\t<\/div>\n\t\t\t\t<\/div>\n\t\t","protected":false},"excerpt":{"rendered":"<p>WER SIND WIR Das Team von Arzagot ist seit \u00fcber 60 Jahren Produzent und Spezialist f\u00fcr Walderdbeeren und essbare Blumen und hat sich verpflichtet, au\u00dfergew\u00f6hnliche Produkte anzubieten. Durch die Verbindung von Tradition garantieren wir Frische, Qualit\u00e4t und Respekt vor der Natur bei jeder Ernte.<\/p>\n","protected":false},"author":1,"featured_media":0,"parent":0,"menu_order":0,"comment_status":"closed","ping_status":"closed","template":"","meta":{"site-sidebar-layout":"no-sidebar","site-content-layout":"page-builder","ast-site-content-layout":"full-width-container","site-content-style":"default","site-sidebar-style":"default","ast-global-header-display":"","ast-banner-title-visibility":"","ast-main-header-display":"","ast-hfb-above-header-display":"","ast-hfb-below-header-display":"","ast-hfb-mobile-header-display":"","site-post-title":"disabled","ast-breadcrumbs-content":"","ast-featured-img":"disabled","footer-sml-layout":"","ast-disable-related-posts":"","theme-transparent-header-meta":"","adv-header-id-meta":"","stick-header-meta":"","header-above-stick-meta":"","header-main-stick-meta":"","header-below-stick-meta":"","astra-migrate-meta-layouts":"set","ast-page-background-enabled":"default","ast-page-background-meta":{"desktop":{"background-color":"","background-image":"","background-repeat":"repeat","background-position":"center center","background-size":"auto","background-attachment":"scroll","background-type":"","background-media":"","overlay-type":"","overlay-color":"","overlay-opacity":"","overlay-gradient":""},"tablet":{"background-color":"","background-image":"","background-repeat":"repeat","background-position":"center center","background-size":"auto","background-attachment":"scroll","background-type":"","background-media":"","overlay-type":"","overlay-color":"","overlay-opacity":"","overlay-gradient":""},"mobile":{"background-color":"","background-image":"","background-repeat":"repeat","background-position":"center center","background-size":"auto","background-attachment":"scroll","background-type":"","background-media":"","overlay-type":"","overlay-color":"","overlay-opacity":"","overlay-gradient":""}},"ast-content-background-meta":{"desktop":{"background-color":"var(--ast-global-color-5)","background-image":"","background-repeat":"repeat","background-position":"center center","background-size":"auto","background-attachment":"scroll","background-type":"","background-media":"","overlay-type":"","overlay-color":"","overlay-opacity":"","overlay-gradient":""},"tablet":{"background-color":"var(--ast-global-color-5)","background-image":"","background-repeat":"repeat","background-position":"center center","background-size":"auto","background-attachment":"scroll","background-type":"","background-media":"","overlay-type":"","overlay-color":"","overlay-opacity":"","overlay-gradient":""},"mobile":{"background-color":"var(--ast-global-color-5)","background-image":"","background-repeat":"repeat","background-position":"center center","background-size":"auto","background-attachment":"scroll","background-type":"","background-media":"","overlay-type":"","overlay-color":"","overlay-opacity":"","overlay-gradient":""}},"footnotes":""},"class_list":["post-4932","page","type-page","status-publish","hentry"],"_links":{"self":[{"href":"https:\/\/arzagot.com\/de\/wp-json\/wp\/v2\/pages\/4932","targetHints":{"allow":["GET"]}}],"collection":[{"href":"https:\/\/arzagot.com\/de\/wp-json\/wp\/v2\/pages"}],"about":[{"href":"https:\/\/arzagot.com\/de\/wp-json\/wp\/v2\/types\/page"}],"author":[{"embeddable":true,"href":"https:\/\/arzagot.com\/de\/wp-json\/wp\/v2\/users\/1"}],"replies":[{"embeddable":true,"href":"https:\/\/arzagot.com\/de\/wp-json\/wp\/v2\/comments?post=4932"}],"version-history":[{"count":5,"href":"https:\/\/arzagot.com\/de\/wp-json\/wp\/v2\/pages\/4932\/revisions"}],"predecessor-version":[{"id":5772,"href":"https:\/\/arzagot.com\/de\/wp-json\/wp\/v2\/pages\/4932\/revisions\/5772"}],"wp:attachment":[{"href":"https:\/\/arzagot.com\/de\/wp-json\/wp\/v2\/media?parent=4932"}],"curies":[{"name":"wp","href":"https:\/\/api.w.org\/{rel}","templated":true}]}}