{"id":4934,"date":"2025-02-10T13:12:06","date_gmt":"2025-02-10T12:12:06","guid":{"rendered":"https:\/\/arzagot.com\/katalog\/"},"modified":"2026-03-30T10:09:30","modified_gmt":"2026-03-30T08:09:30","slug":"katalog","status":"publish","type":"page","link":"https:\/\/arzagot.com\/de\/katalog\/","title":{"rendered":"Katalog"},"content":{"rendered":"\t\t<div data-elementor-type=\"wp-page\" data-elementor-id=\"4934\" class=\"elementor elementor-4934 elementor-539\" data-elementor-post-type=\"page\">\n\t\t\t\t<div class=\"elementor-element elementor-element-7a0d6a6 e-flex e-con-boxed e-con e-parent\" data-id=\"7a0d6a6\" data-element_type=\"container\" data-e-type=\"container\" data-settings=\"{&quot;background_background&quot;:&quot;classic&quot;}\">\n\t\t\t\t\t<div class=\"e-con-inner\">\n\t\t\t\t<div class=\"elementor-element elementor-element-e570b97 elementor-widget elementor-widget-heading\" data-id=\"e570b97\" data-element_type=\"widget\" data-e-type=\"widget\" data-widget_type=\"heading.default\">\n\t\t\t\t\t<div class=\"elementor-heading-title elementor-size-default\"><nav class=\"breadcrumbs\"><a href=\"https:\/\/arzagot.com\/de\/de\/\">Startseite<\/a> \u00bb <a href=\"https:\/\/arzagot.com\/de\/de\/catalogue\/\">Katalog<\/a> \u00bb <\/nav><\/div>\t\t\t\t<\/div>\n\t\t\t\t\t<\/div>\n\t\t\t\t<\/div>\n\t\t<div class=\"elementor-element elementor-element-4caf0a8 e-flex e-con-boxed e-con e-parent\" data-id=\"4caf0a8\" data-element_type=\"container\" data-e-type=\"container\">\n\t\t\t\t\t<div class=\"e-con-inner\">\n\t\t<a class=\"elementor-element elementor-element-16ba1df e-con-full e-flex e-con e-child\" data-id=\"16ba1df\" data-element_type=\"container\" data-e-type=\"container\" data-settings=\"{&quot;background_background&quot;:&quot;classic&quot;}\" href=\"https:\/\/arzagot.com\/catalogue\/fraises-des-bois\/\">\n\t\t\t\t<div class=\"elementor-element elementor-element-0f625aa elementor-widget elementor-widget-spacer\" data-id=\"0f625aa\" data-element_type=\"widget\" data-e-type=\"widget\" data-widget_type=\"spacer.default\">\n\t\t\t\t\t\t\t<div class=\"elementor-spacer\">\n\t\t\t<div class=\"elementor-spacer-inner\"><\/div>\n\t\t<\/div>\n\t\t\t\t\t\t<\/div>\n\t\t\t\t<\/a>\n\t\t<div class=\"elementor-element elementor-element-d0d1119 e-con-full e-flex e-con e-child\" data-id=\"d0d1119\" data-element_type=\"container\" data-e-type=\"container\" data-settings=\"{&quot;background_background&quot;:&quot;classic&quot;}\">\n\t\t\t\t<div class=\"elementor-element elementor-element-7880c94 elementor-widget elementor-widget-heading\" data-id=\"7880c94\" data-element_type=\"widget\" data-e-type=\"widget\" data-widget_type=\"heading.default\">\n\t\t\t\t\t<h2 class=\"elementor-heading-title elementor-size-default\"><a href=\"https:\/\/arzagot.com\/de\/catalogue\/walderdbeeren\/\">WALDERDBEEREN<\/a><\/h2>\t\t\t\t<\/div>\n\t\t\t\t<div class=\"elementor-element elementor-element-c1f398d elementor-widget elementor-widget-text-editor\" data-id=\"c1f398d\" data-element_type=\"widget\" data-e-type=\"widget\" data-widget_type=\"text-editor.default\">\n\t\t\t\t\t\t\t\t\t<p>Walderdbeeren sind eine echte nat\u00fcrliche Delikatesse mit einem s\u00fc\u00dfen und erfrischenden Geschmack, der schon beim ersten Bissen verf\u00fchrt. Jede kleine Frucht hat ihre eigene besondere Note und verleiht jedem Moment Geschmack und Frische. <\/p>\t\t\t\t\t\t\t\t<\/div>\n\t\t\t\t<div class=\"elementor-element elementor-element-f46d029 elementor-align-left elementor-widget elementor-widget-button\" data-id=\"f46d029\" data-element_type=\"widget\" data-e-type=\"widget\" data-widget_type=\"button.default\">\n\t\t\t\t\t\t\t\t\t\t<a class=\"elementor-button elementor-button-link elementor-size-sm\" href=\"https:\/\/arzagot.com\/de\/catalogue\/walderdbeeren\/\">\n\t\t\t\t\t\t<span class=\"elementor-button-content-wrapper\">\n\t\t\t\t\t\t\t\t\t<span class=\"elementor-button-text\">WEITERE INFORMATIONEN<\/span>\n\t\t\t\t\t<\/span>\n\t\t\t\t\t<\/a>\n\t\t\t\t\t\t\t\t<\/div>\n\t\t\t\t<\/div>\n\t\t\t\t\t<\/div>\n\t\t\t\t<\/div>\n\t\t<div class=\"elementor-element elementor-element-b92459e e-flex e-con-boxed e-con e-parent\" data-id=\"b92459e\" data-element_type=\"container\" data-e-type=\"container\">\n\t\t\t\t\t<div class=\"e-con-inner\">\n\t\t<a class=\"elementor-element elementor-element-f9c8aa3 e-con-full e-flex e-con e-child\" data-id=\"f9c8aa3\" data-element_type=\"container\" data-e-type=\"container\" data-settings=\"{&quot;background_background&quot;:&quot;classic&quot;}\" href=\"https:\/\/arzagot.com\/catalogue\/fleurs-comestibles\/\">\n\t\t\t\t<div class=\"elementor-element elementor-element-edbbd15 elementor-widget elementor-widget-spacer\" data-id=\"edbbd15\" data-element_type=\"widget\" data-e-type=\"widget\" data-widget_type=\"spacer.default\">\n\t\t\t\t\t\t\t<div class=\"elementor-spacer\">\n\t\t\t<div class=\"elementor-spacer-inner\"><\/div>\n\t\t<\/div>\n\t\t\t\t\t\t<\/div>\n\t\t\t\t<\/a>\n\t\t<div class=\"elementor-element elementor-element-64970ee e-con-full e-flex e-con e-child\" data-id=\"64970ee\" data-element_type=\"container\" data-e-type=\"container\" data-settings=\"{&quot;background_background&quot;:&quot;classic&quot;}\">\n\t\t\t\t<div class=\"elementor-element elementor-element-de7b8aa elementor-widget elementor-widget-heading\" data-id=\"de7b8aa\" data-element_type=\"widget\" data-e-type=\"widget\" data-widget_type=\"heading.default\">\n\t\t\t\t\t<h2 class=\"elementor-heading-title elementor-size-default\"><a href=\"https:\/\/arzagot.com\/de\/catalogue\/essbare-blueten\/\">ESSBARE BL\u00dcTEN<\/a><\/h2>\t\t\t\t<\/div>\n\t\t\t\t<div class=\"elementor-element elementor-element-4f8305e elementor-widget elementor-widget-text-editor\" data-id=\"4f8305e\" data-element_type=\"widget\" data-e-type=\"widget\" data-widget_type=\"text-editor.default\">\n\t\t\t\t\t\t\t\t\t<p>Die essbaren Bl\u00fcten sind ein wahrer Genuss und verleihen einen einzigartigen Geschmack. Es gibt eine gro\u00dfe Vielfalt, jede mit ihrem eigenen Charme, bereit, den Gaumen zu \u00fcberraschen und zu erobern. <\/p>\t\t\t\t\t\t\t\t<\/div>\n\t\t\t\t<div class=\"elementor-element elementor-element-db88409 elementor-align-left elementor-widget elementor-widget-button\" data-id=\"db88409\" data-element_type=\"widget\" data-e-type=\"widget\" data-widget_type=\"button.default\">\n\t\t\t\t\t\t\t\t\t\t<a class=\"elementor-button elementor-button-link elementor-size-sm\" href=\"https:\/\/arzagot.com\/de\/catalogue\/essbare-blueten\/\">\n\t\t\t\t\t\t<span class=\"elementor-button-content-wrapper\">\n\t\t\t\t\t\t\t\t\t<span class=\"elementor-button-text\">WEITERE INFORMATIONEN<\/span>\n\t\t\t\t\t<\/span>\n\t\t\t\t\t<\/a>\n\t\t\t\t\t\t\t\t<\/div>\n\t\t\t\t<\/div>\n\t\t\t\t\t<\/div>\n\t\t\t\t<\/div>\n\t\t<div class=\"elementor-element elementor-element-2e69cf9 e-flex e-con-boxed e-con e-parent\" data-id=\"2e69cf9\" data-element_type=\"container\" data-e-type=\"container\">\n\t\t\t\t\t<div class=\"e-con-inner\">\n\t\t<a class=\"elementor-element elementor-element-18b76a9 e-con-full e-flex e-con e-child\" data-id=\"18b76a9\" data-element_type=\"container\" data-e-type=\"container\" data-settings=\"{&quot;background_background&quot;:&quot;classic&quot;}\" href=\"https:\/\/arzagot.com\/catalogue\/autres\/\">\n\t\t\t\t<div class=\"elementor-element elementor-element-c9730ff elementor-widget elementor-widget-spacer\" data-id=\"c9730ff\" data-element_type=\"widget\" data-e-type=\"widget\" data-widget_type=\"spacer.default\">\n\t\t\t\t\t\t\t<div class=\"elementor-spacer\">\n\t\t\t<div class=\"elementor-spacer-inner\"><\/div>\n\t\t<\/div>\n\t\t\t\t\t\t<\/div>\n\t\t\t\t<\/a>\n\t\t<div class=\"elementor-element elementor-element-a81c36f e-con-full e-flex e-con e-child\" data-id=\"a81c36f\" data-element_type=\"container\" data-e-type=\"container\" data-settings=\"{&quot;background_background&quot;:&quot;classic&quot;}\">\n\t\t\t\t<div class=\"elementor-element elementor-element-85cee1c elementor-widget elementor-widget-heading\" data-id=\"85cee1c\" data-element_type=\"widget\" data-e-type=\"widget\" data-widget_type=\"heading.default\">\n\t\t\t\t\t<h2 class=\"elementor-heading-title elementor-size-default\"><a href=\"https:\/\/arzagot.com\/de\/catalogue\/andere\/\">ANDERE<\/a><\/h2>\t\t\t\t<\/div>\n\t\t\t\t<div class=\"elementor-element elementor-element-1ec4f26 elementor-widget elementor-widget-text-editor\" data-id=\"1ec4f26\" data-element_type=\"widget\" data-e-type=\"widget\" data-widget_type=\"text-editor.default\">\n\t\t\t\t\t\t\t\t\t<p>Grosella-Tomaten und exotische Fr\u00fcchte bieten ein vibrierendes und frisches Geschmackserlebnis. Jeder bringt etwas anderes mit, wodurch jedes Gericht mit Farbe und Originalit\u00e4t gef\u00fcllt wird. <\/p>\t\t\t\t\t\t\t\t<\/div>\n\t\t\t\t<div class=\"elementor-element elementor-element-f3d010d elementor-align-left elementor-widget elementor-widget-button\" data-id=\"f3d010d\" data-element_type=\"widget\" data-e-type=\"widget\" data-widget_type=\"button.default\">\n\t\t\t\t\t\t\t\t\t\t<a class=\"elementor-button elementor-button-link elementor-size-sm\" href=\"https:\/\/arzagot.com\/de\/catalogue\/andere\/\">\n\t\t\t\t\t\t<span class=\"elementor-button-content-wrapper\">\n\t\t\t\t\t\t\t\t\t<span class=\"elementor-button-text\">WEITERE INFORMATIONEN<\/span>\n\t\t\t\t\t<\/span>\n\t\t\t\t\t<\/a>\n\t\t\t\t\t\t\t\t<\/div>\n\t\t\t\t<\/div>\n\t\t\t\t\t<\/div>\n\t\t\t\t<\/div>\n\t\t<div class=\"elementor-element elementor-element-d188175 e-flex e-con-boxed e-con e-parent\" data-id=\"d188175\" data-element_type=\"container\" data-e-type=\"container\">\n\t\t\t\t\t<div class=\"e-con-inner\">\n\t\t\t\t<div class=\"elementor-element elementor-element-6f5aa47 elementor-widget elementor-widget-spacer\" data-id=\"6f5aa47\" data-element_type=\"widget\" data-e-type=\"widget\" data-widget_type=\"spacer.default\">\n\t\t\t\t\t\t\t<div class=\"elementor-spacer\">\n\t\t\t<div class=\"elementor-spacer-inner\"><\/div>\n\t\t<\/div>\n\t\t\t\t\t\t<\/div>\n\t\t\t\t\t<\/div>\n\t\t\t\t<\/div>\n\t\t\t\t<\/div>\n\t\t","protected":false},"excerpt":{"rendered":"<p>WALDERDBEEREN Walderdbeeren sind eine echte nat\u00fcrliche Delikatesse mit einem s\u00fc\u00dfen und erfrischenden Geschmack, der schon beim ersten Bissen verf\u00fchrt. Jede kleine Frucht hat ihre eigene besondere Note und verleiht jedem Moment Geschmack und Frische. WEITERE INFORMATIONEN ESSBARE BL\u00dcTEN Die essbaren Bl\u00fcten sind ein wahrer Genuss und verleihen einen einzigartigen Geschmack. Es gibt eine gro\u00dfe Vielfalt, [&hellip;]<\/p>\n","protected":false},"author":1,"featured_media":0,"parent":0,"menu_order":0,"comment_status":"closed","ping_status":"closed","template":"","meta":{"site-sidebar-layout":"no-sidebar","site-content-layout":"page-builder","ast-site-content-layout":"full-width-container","site-content-style":"default","site-sidebar-style":"default","ast-global-header-display":"","ast-banner-title-visibility":"","ast-main-header-display":"","ast-hfb-above-header-display":"","ast-hfb-below-header-display":"","ast-hfb-mobile-header-display":"","site-post-title":"disabled","ast-breadcrumbs-content":"","ast-featured-img":"disabled","footer-sml-layout":"","ast-disable-related-posts":"","theme-transparent-header-meta":"","adv-header-id-meta":"","stick-header-meta":"","header-above-stick-meta":"","header-main-stick-meta":"","header-below-stick-meta":"","astra-migrate-meta-layouts":"default","ast-page-background-enabled":"default","ast-page-background-meta":{"desktop":{"background-color":"","background-image":"","background-repeat":"repeat","background-position":"center center","background-size":"auto","background-attachment":"scroll","background-type":"","background-media":"","overlay-type":"","overlay-color":"","overlay-opacity":"","overlay-gradient":""},"tablet":{"background-color":"","background-image":"","background-repeat":"repeat","background-position":"center center","background-size":"auto","background-attachment":"scroll","background-type":"","background-media":"","overlay-type":"","overlay-color":"","overlay-opacity":"","overlay-gradient":""},"mobile":{"background-color":"","background-image":"","background-repeat":"repeat","background-position":"center center","background-size":"auto","background-attachment":"scroll","background-type":"","background-media":"","overlay-type":"","overlay-color":"","overlay-opacity":"","overlay-gradient":""}},"ast-content-background-meta":{"desktop":{"background-color":"var(--ast-global-color-5)","background-image":"","background-repeat":"repeat","background-position":"center center","background-size":"auto","background-attachment":"scroll","background-type":"","background-media":"","overlay-type":"","overlay-color":"","overlay-opacity":"","overlay-gradient":""},"tablet":{"background-color":"var(--ast-global-color-5)","background-image":"","background-repeat":"repeat","background-position":"center center","background-size":"auto","background-attachment":"scroll","background-type":"","background-media":"","overlay-type":"","overlay-color":"","overlay-opacity":"","overlay-gradient":""},"mobile":{"background-color":"var(--ast-global-color-5)","background-image":"","background-repeat":"repeat","background-position":"center center","background-size":"auto","background-attachment":"scroll","background-type":"","background-media":"","overlay-type":"","overlay-color":"","overlay-opacity":"","overlay-gradient":""}},"footnotes":""},"class_list":["post-4934","page","type-page","status-publish","hentry"],"_links":{"self":[{"href":"https:\/\/arzagot.com\/de\/wp-json\/wp\/v2\/pages\/4934","targetHints":{"allow":["GET"]}}],"collection":[{"href":"https:\/\/arzagot.com\/de\/wp-json\/wp\/v2\/pages"}],"about":[{"href":"https:\/\/arzagot.com\/de\/wp-json\/wp\/v2\/types\/page"}],"author":[{"embeddable":true,"href":"https:\/\/arzagot.com\/de\/wp-json\/wp\/v2\/users\/1"}],"replies":[{"embeddable":true,"href":"https:\/\/arzagot.com\/de\/wp-json\/wp\/v2\/comments?post=4934"}],"version-history":[{"count":26,"href":"https:\/\/arzagot.com\/de\/wp-json\/wp\/v2\/pages\/4934\/revisions"}],"predecessor-version":[{"id":7290,"href":"https:\/\/arzagot.com\/de\/wp-json\/wp\/v2\/pages\/4934\/revisions\/7290"}],"wp:attachment":[{"href":"https:\/\/arzagot.com\/de\/wp-json\/wp\/v2\/media?parent=4934"}],"curies":[{"name":"wp","href":"https:\/\/api.w.org\/{rel}","templated":true}]}}