{"id":5047,"date":"2025-04-04T11:38:47","date_gmt":"2025-04-04T09:38:47","guid":{"rendered":"https:\/\/arzagot.com\/umweltpolitik\/"},"modified":"2025-06-17T12:12:25","modified_gmt":"2025-06-17T10:12:25","slug":"umweltpolitik","status":"publish","type":"page","link":"https:\/\/arzagot.com\/de\/umweltpolitik\/","title":{"rendered":"Umweltpolitik"},"content":{"rendered":"\n<figure class=\"wp-block-image size-full is-resized\"><img decoding=\"async\" width=\"91\" height=\"91\" src=\"https:\/\/arzagot.com\/wp-content\/uploads\/2025\/04\/Logo-ISO-14001-1.png\" alt=\"\" class=\"wp-image-3763\" style=\"width:129px;height:auto\"\/><\/figure>\n\n<p>Bei <strong>ARZAGOT<\/strong> haben wir uns verpflichtet, ein Umweltmanagementsystem auf der Grundlage der Anforderungen von ISO 14001:2015 zu unterhalten und st\u00e4ndig an der kontinuierlichen Verbesserung im Rahmen unserer Aktivit\u00e4ten im Umgang mit und der Vermarktung von essbaren Blumen und Walderdbeeren zu arbeiten.<br\/>Unsere wichtigste Aufgabe ist es, unseren Kunden den bestm\u00f6glichen Service zu bieten, indem wir die Umweltstandards einhalten und den Umweltschutz in den Mittelpunkt unserer Ziele stellen.<br\/>Die Verantwortung f\u00fcr die Umsetzung und Anwendung des Managementsystems liegt bei allen Teilen unseres Unternehmens; so verpflichten sich alle Mitarbeiter, das Umweltmanagement in ihre t\u00e4glichen Aktivit\u00e4ten zu integrieren und gleichzeitig zu versuchen, die Produktion von Abfall und den Verbrauch von Ressourcen zu minimieren.<br\/>Um dies zu erreichen, setzen wir uns die folgenden ZIELE UND SCHRITTE:<\/p>\n\n<ul class=\"wp-block-list\">\n<li>Verantwortungsvolle Nutzung nat\u00fcrlicher Ressourcen durch F\u00f6rderung der effizienten Nutzung von Wasser, Energie und Rohstoffen bei gleichzeitiger Minimierung von Verschwendung und F\u00f6rderung des Recyclings in den Betriebsabl\u00e4ufen des Unternehmens.<\/li>\n\n\n\n<li>Sensibilisierung und Schulung durch interne Umweltprogramme f\u00fcr die Mitarbeiter, um die Bedeutung nachhaltiger Praktiken sowohl am Arbeitsplatz als auch im Privatleben zu f\u00f6rdern.<\/li>\n\n\n\n<li>Bewertung und Reduzierung der Umweltauswirkungen, mit einer gr\u00fcndlichen Analyse der aktuellen Auswirkungen des Unternehmens, der Identifizierung von Schl\u00fcsselbereichen, die verbessert werden m\u00fcssen, und der Festlegung von messbaren und erreichbaren Zielen.<\/li>\n\n\n\n<li>Einhaltung aller gesetzlichen Anforderungen, die f\u00fcr unser Unternehmen gelten, einschlie\u00dflich der Umweltanforderungen, sowie anderer Verpflichtungen, die wir freiwillig w\u00e4hlen, in Bezug auf Lebensmittelsicherheit, Legalit\u00e4t und Qualit\u00e4t von Produkten und Prozessen.<\/li>\n\n\n\n<li>Ein starkes Engagement f\u00fcr den Umweltschutz aufrechtzuerhalten, indem wir Verschmutzungen vorbeugen und die Auswirkungen unserer Aktivit\u00e4ten minimieren, w\u00e4hrend wir die Nutzung nat\u00fcrlicher Ressourcen kontrollieren und reduzieren, in einem st\u00e4ndigen Streben nach Nachhaltigkeit.<\/li>\n<\/ul>\n\n<p>Unsere Organisation verpflichtet sich, t\u00e4glich an der kontinuierlichen Verbesserung des Managementsystems zu arbeiten und diese Politik als Bezugsrahmen f\u00fcr die Festlegung und \u00dcberpr\u00fcfung unserer Ziele und Vorgaben zu betrachten.<\/p>\n","protected":false},"excerpt":{"rendered":"<p>Bei ARZAGOT haben wir uns verpflichtet, ein Umweltmanagementsystem auf der Grundlage der Anforderungen von ISO 14001:2015 zu unterhalten und st\u00e4ndig an der kontinuierlichen Verbesserung im Rahmen unserer Aktivit\u00e4ten im Umgang mit und der Vermarktung von essbaren Blumen und Walderdbeeren zu arbeiten.Unsere wichtigste Aufgabe ist es, unseren Kunden den bestm\u00f6glichen Service zu bieten, indem wir die [&hellip;]<\/p>\n","protected":false},"author":1,"featured_media":0,"parent":0,"menu_order":0,"comment_status":"closed","ping_status":"closed","template":"","meta":{"site-sidebar-layout":"default","site-content-layout":"","ast-site-content-layout":"normal-width-container","site-content-style":"default","site-sidebar-style":"default","ast-global-header-display":"","ast-banner-title-visibility":"","ast-main-header-display":"","ast-hfb-above-header-display":"","ast-hfb-below-header-display":"","ast-hfb-mobile-header-display":"","site-post-title":"","ast-breadcrumbs-content":"","ast-featured-img":"","footer-sml-layout":"","ast-disable-related-posts":"","theme-transparent-header-meta":"","adv-header-id-meta":"","stick-header-meta":"","header-above-stick-meta":"","header-main-stick-meta":"","header-below-stick-meta":"","astra-migrate-meta-layouts":"default","ast-page-background-enabled":"default","ast-page-background-meta":{"desktop":{"background-color":"","background-image":"","background-repeat":"repeat","background-position":"center center","background-size":"auto","background-attachment":"scroll","background-type":"","background-media":"","overlay-type":"","overlay-color":"","overlay-opacity":"","overlay-gradient":""},"tablet":{"background-color":"","background-image":"","background-repeat":"repeat","background-position":"center center","background-size":"auto","background-attachment":"scroll","background-type":"","background-media":"","overlay-type":"","overlay-color":"","overlay-opacity":"","overlay-gradient":""},"mobile":{"background-color":"","background-image":"","background-repeat":"repeat","background-position":"center center","background-size":"auto","background-attachment":"scroll","background-type":"","background-media":"","overlay-type":"","overlay-color":"","overlay-opacity":"","overlay-gradient":""}},"ast-content-background-meta":{"desktop":{"background-color":"var(--ast-global-color-5)","background-image":"","background-repeat":"repeat","background-position":"center center","background-size":"auto","background-attachment":"scroll","background-type":"","background-media":"","overlay-type":"","overlay-color":"","overlay-opacity":"","overlay-gradient":""},"tablet":{"background-color":"var(--ast-global-color-5)","background-image":"","background-repeat":"repeat","background-position":"center center","background-size":"auto","background-attachment":"scroll","background-type":"","background-media":"","overlay-type":"","overlay-color":"","overlay-opacity":"","overlay-gradient":""},"mobile":{"background-color":"var(--ast-global-color-5)","background-image":"","background-repeat":"repeat","background-position":"center center","background-size":"auto","background-attachment":"scroll","background-type":"","background-media":"","overlay-type":"","overlay-color":"","overlay-opacity":"","overlay-gradient":""}},"footnotes":""},"class_list":["post-5047","page","type-page","status-publish","hentry"],"_links":{"self":[{"href":"https:\/\/arzagot.com\/de\/wp-json\/wp\/v2\/pages\/5047","targetHints":{"allow":["GET"]}}],"collection":[{"href":"https:\/\/arzagot.com\/de\/wp-json\/wp\/v2\/pages"}],"about":[{"href":"https:\/\/arzagot.com\/de\/wp-json\/wp\/v2\/types\/page"}],"author":[{"embeddable":true,"href":"https:\/\/arzagot.com\/de\/wp-json\/wp\/v2\/users\/1"}],"replies":[{"embeddable":true,"href":"https:\/\/arzagot.com\/de\/wp-json\/wp\/v2\/comments?post=5047"}],"version-history":[{"count":1,"href":"https:\/\/arzagot.com\/de\/wp-json\/wp\/v2\/pages\/5047\/revisions"}],"predecessor-version":[{"id":5050,"href":"https:\/\/arzagot.com\/de\/wp-json\/wp\/v2\/pages\/5047\/revisions\/5050"}],"wp:attachment":[{"href":"https:\/\/arzagot.com\/de\/wp-json\/wp\/v2\/media?parent=5047"}],"curies":[{"name":"wp","href":"https:\/\/api.w.org\/{rel}","templated":true}]}}