{"id":5051,"date":"2020-04-18T15:11:42","date_gmt":"2020-04-18T13:11:42","guid":{"rendered":"https:\/\/arzagot.com\/datenschutz\/"},"modified":"2025-06-17T12:13:11","modified_gmt":"2025-06-17T10:13:11","slug":"datenschutz","status":"publish","type":"page","link":"https:\/\/arzagot.com\/de\/datenschutz\/","title":{"rendered":"Datenschutz"},"content":{"rendered":"\n<p>Dieser Rechtstext gibt Ihnen Einzelheiten dar\u00fcber, wie wir Ihre pers\u00f6nlichen Daten durch die Nutzung unserer Website <strong>https:\/\/arzagot.com<\/strong> sammeln und verarbeiten, einschlie\u00dflich aller Informationen, die Sie uns \u00fcber die Website zur Verf\u00fcgung stellen k\u00f6nnen, wenn Sie Ihre Daten \u00fcber die daf\u00fcr vorgesehenen Formulare einreichen.<\/p>\n\n<p>Wenn Sie uns Ihre Daten zur Verf\u00fcgung stellen, informieren wir Sie dar\u00fcber, dass unsere Dienstleistungen nicht f\u00fcr Personen m\u00f6glich sind, die aufgrund gesetzlicher Bestimmungen nicht in der Lage sind, ihre Zustimmung zu erteilen. Wenn Sie uns also die Formulare zusenden, garantieren Sie, dass Sie \u00fcber eine ausreichende Kapazit\u00e4t verf\u00fcgen, um diese Zustimmung zu erteilen. <\/p>\n\n<p>Im Folgenden informieren wir Sie \u00fcber die Datenschutzpolitik von : <strong>Arzagot SL<\/strong><\/p>\n\n<h2 class=\"wp-block-heading\">1. Verantwortlich f\u00fcr die Verarbeitung<\/h2>\n\n<p>Kontaktdaten des Verantwortlichen :<\/p>\n\n<ul class=\"wp-block-list\">\n<li>Firmenname: Arzagot SL<\/li>\n\n\n\n<li>NIF: B92418425<\/li>\n\n\n\n<li>Adresse: Calle Martillo 14, Apdo. 88. 29700 V\u00e9lez-M\u00e1laga &#8211; Spanien<\/li>\n\n\n\n<li>Telefon: +34 651 47 33 19<\/li>\n\n\n\n<li>E-Mail: <a href=\"mailto:info@arzagot.com\">info@arzagot.com<\/a><\/li>\n<\/ul>\n\n<p><strong>Arzagot SL<\/strong> ist f\u00fcr Ihre Daten verantwortlich. (Im Folgenden \u201ewir\u201c oder \u201euns\u201c). <\/p>\n\n<h2 class=\"wp-block-heading\">2. Welche Daten sammeln wir?<\/h2>\n\n<p>Die Allgemeine Datenschutzverordnung definiert personenbezogene Daten als alle Informationen, die sich auf eine identifizierte oder identifizierbare nat\u00fcrliche Person beziehen, d.h. alle Informationen, die eine Person identifizieren k\u00f6nnen. Dies umfasst keine anonymen oder statistischen Daten. <\/p>\n\n<p>Pers\u00f6nliche Daten, die direkt von der betreffenden Person erhoben werden k\u00f6nnen, werden vertraulich behandelt und in die entsprechenden Verarbeitungst\u00e4tigkeiten unter der Verantwortung von <strong>Arzagot SL<\/strong> aufgenommen.<\/p>\n\n<p>Auf unserer Website k\u00f6nnen wir bestimmte Arten von pers\u00f6nlichen Daten verarbeiten, die Folgendes umfassen k\u00f6nnen:<\/p>\n\n<ul class=\"wp-block-list\">\n<li>Identit\u00e4tsdaten: Vor- und Nachname.<\/li>\n\n\n\n<li>Kontaktdaten: E-Mail und Telefon.<\/li>\n<\/ul>\n\n<p>Wir erheben keine Daten \u00fcber besondere Kategorien personenbezogener Daten (Daten, die Ihre ethnische Herkunft oder Rasse, politische Meinungen, religi\u00f6se oder philosophische \u00dcberzeugungen, Gewerkschaftszugeh\u00f6rigkeit und Informationen \u00fcber Ihre Gesundheit, genetische oder biometrische Daten offenbaren).<\/p>\n\n<p>Wenn die Erhebung personenbezogener Daten gesetzlich oder gem\u00e4\u00df den Bedingungen des Vertrags zwischen uns erforderlich ist und Sie sich weigern, uns diese Daten zur Verf\u00fcgung zu stellen, k\u00f6nnen wir den Vertrag m\u00f6glicherweise nicht abschlie\u00dfen oder die Dienstleistung nicht erbringen, und Sie m\u00fcssen uns im Voraus dar\u00fcber informieren.<\/p>\n\n<h2 class=\"wp-block-heading\">3. Wie erfassen wir Ihre pers\u00f6nlichen Daten?<\/h2>\n\n<p>Die Mittel, die wir verwenden, um pers\u00f6nliche Daten zu sammeln, sind:<\/p>\n\n<ul class=\"wp-block-list\">\n<li><strong>\u00dcber das Formular auf unserer Website, per Kontakt-E-Mail, telefonisch oder auf dem Postweg, wenn :<\/strong>\n<ul class=\"wp-block-list\">\n<li>Sie fragen nach Informationen \u00fcber unsere Dienstleistungen<\/li>\n\n\n\n<li>Sie nehmen unsere Dienste in Anspruch<\/li>\n\n\n\n<li>Sie fordern Angebote an<\/li>\n<\/ul>\n<\/li>\n\n\n\n<li><strong>Durch Technologie oder automatisierte Interaktionen:<\/strong> Auf unserer Website k\u00f6nnen wir automatisch technische Daten \u00fcber Ihr Ger\u00e4t, Ihre Surfaktionen und Ihre Nutzungsgewohnheiten sammeln. Diese Daten werden mit Hilfe von Cookies oder \u00e4hnlichen Technologien gesammelt. Wenn Sie weitere Informationen w\u00fcnschen, k\u00f6nnen Sie <a href=\"https:\/\/arzagot.com\/de\/cookie-richtlinie\/\">hier<\/a> unsere Cookie-Richtlinie einsehen.  <\/li>\n\n\n\n<li><strong>\u00dcber Dritte :<\/strong>\n<ul class=\"wp-block-list\">\n<li><strong>Google:<\/strong> Analytische Daten oder Suchdaten. Au\u00dferhalb der Europ\u00e4ischen Union. <\/li>\n<\/ul>\n<\/li>\n<\/ul>\n\n<h2 class=\"wp-block-heading\">4. Zweck und Legitimit\u00e4t der Verwendung Ihrer Daten<\/h2>\n\n<p>Die h\u00e4ufigsten Verwendungszwecke Ihrer pers\u00f6nlichen Daten sind :<\/p>\n\n<ul class=\"wp-block-list\">\n<li>Um einen Vertrag zwischen Ihnen und <strong>Arzagot SL<\/strong> zu formalisieren.<\/li>\n\n\n\n<li>Wenn Sie Ihre Zustimmung zur Verarbeitung Ihrer Daten geben.<\/li>\n\n\n\n<li>Wenn wir sie ben\u00f6tigen, um einer gesetzlichen oder beh\u00f6rdlichen Verpflichtung nachzukommen.<\/li>\n\n\n\n<li>Wenn dies f\u00fcr unser berechtigtes Interesse oder das eines Dritten erforderlich ist.<\/li>\n<\/ul>\n\n<p>Der Nutzer kann seine Zustimmung jederzeit widerrufen, indem er eine E-Mail an <a href=\"mailto:info@arzagot.com\">info@arzagot.com<\/a> sendet oder den Abschnitt \u00fcber die Aus\u00fcbung von Rechten weiter unten konsultiert.<\/p>\n\n<p>Nachstehend f\u00fcgen wir eine Tabelle bei, in der Sie nachlesen k\u00f6nnen, wie wir Ihre pers\u00f6nlichen Daten verwenden werden, wie legitim diese Verwendung ist und welche Art von pers\u00f6nlichen Daten wir verarbeiten werden. Wir k\u00f6nnen pers\u00f6nliche Daten aus einem zus\u00e4tzlichen rechtlichen Grund verarbeiten, wenn Sie also Einzelheiten dazu ben\u00f6tigen, k\u00f6nnen Sie eine E-Mail an <a href=\"mailto:info@arzagot.com\">info@arzagot.com<\/a> senden. <\/p>\n\n<h3 class=\"wp-block-heading\"><strong>Kommerzielle Kommunikationen<\/strong><\/h3>\n\n<p>Sie werden nur Mitteilungen erhalten, wenn :<\/p>\n\n<ul class=\"wp-block-list\">\n<li>Sie haben Informationen von uns angefordert oder einen Vertrag mit uns \u00fcber ein Produkt oder eine Dienstleistung abgeschlossen.<\/li>\n\n\n\n<li>Sie haben uns Ihre Daten zur Verf\u00fcgung gestellt, indem Sie das entsprechende K\u00e4stchen auf unserem Formular akzeptiert haben.<\/li>\n\n\n\n<li>Solange Sie nicht Ihren Wunsch ge\u00e4u\u00dfert haben, diese Mitteilungen nicht mehr zu erhalten.<\/li>\n<\/ul>\n\n<p>Wir holen Ihre ausdr\u00fcckliche Zustimmung ein, bevor wir Ihnen Mitteilungen senden, und Sie k\u00f6nnen jederzeit verlangen, dass wir Ihnen keine Mitteilungen mehr senden, indem Sie eine E-Mail an <a href=\"mailto:info@arzagot.com\">info@arzagot.com<\/a> senden.<\/p>\n\n<p>Wenn Sie sich entscheiden, unsere Mitteilungen nicht mehr zu erhalten, werden Ihre pers\u00f6nlichen Daten aufgrund des Vertrags, den Sie mit uns geschlossen haben, weiterhin gespeichert, um den gesetzlichen Anforderungen zu entsprechen.<\/p>\n\n<h3 class=\"wp-block-heading\"><strong>Zweck<\/strong><\/h3>\n\n<p>Wir werden Ihre Daten nur f\u00fcr die Zwecke verwenden, f\u00fcr die sie gesammelt wurden, es sei denn, wir sind der begr\u00fcndeten Ansicht, dass wir sie f\u00fcr andere Zwecke verwenden m\u00fcssen, wobei wir Sie vorab \u00fcber den Rechtsgrund f\u00fcr die Verarbeitung informieren und vorausgesetzt, dass der Zweck mit dem urspr\u00fcnglichen Zweck vereinbar ist.<\/p>\n\n<h2 class=\"wp-block-heading\">5. Wie lange speichern wir Ihre Daten?<\/h2>\n\n<p>Die Daten werden so lange aufbewahrt, wie es notwendig ist, um den Zweck zu erf\u00fcllen, f\u00fcr den sie gesammelt wurden, und um die m\u00f6glichen Verantwortlichkeiten zu bestimmen, die sich aus diesem Zweck und der Verarbeitung der Daten ergeben k\u00f6nnen. Die geltenden Bestimmungen \u00fcber die Aufbewahrungsdauer gelten f\u00fcr diese Verarbeitung. <\/p>\n\n<h2 class=\"wp-block-heading\">6. Minderj\u00e4hrige<\/h2>\n\n<p><strong>Arzagot SL<\/strong> gestattet es Minderj\u00e4hrigen unter 14 Jahren nicht, pers\u00f6nliche Daten \u00fcber die auf dieser Website vorgesehenen Mittel (Ausf\u00fcllen von Webformularen zur Anforderung von Dienstleistungen, Kontaktaufnahme oder durch Versenden von E-Mails) bereitzustellen. Die <strong>Arzagot SL<\/strong> ist von jeglicher Haftung f\u00fcr die Nichteinhaltung dieser Bedingung befreit. <\/p>\n\n<p>Wenn Ihr Kind, das unter der Altersgrenze liegt, <strong>Arzagot SL<\/strong> personenbezogene Daten zur Verf\u00fcgung gestellt hat, kontaktieren Sie uns bitte, um die Aus\u00fcbung seiner anwendbaren Rechte zu beantragen.<\/p>\n\n<p>In den F\u00e4llen, in denen die von <strong>Arzagot SL<\/strong> angebotenen Dienste f\u00fcr Minderj\u00e4hrige unter 14 Jahren bestimmt sind, werden Mittel bereitgestellt, um die Zustimmung der Eltern oder des gesetzlichen Vormunds des Minderj\u00e4hrigen einzuholen.<\/p>\n\n<h2 class=\"wp-block-heading\">7. Aus\u00fcbung von Datenschutzrechten<\/h2>\n\n<p><strong>Wie k\u00f6nnen Sie diese Rechte aus\u00fcben?<\/strong> Die Nutzer k\u00f6nnen eine Mitteilung an den eingetragenen Sitz von <strong>Arzagot SL<\/strong> oder an die E-Mail-Adresse <a href=\"mailto:info@arzagot.com\">info@arzagot.com<\/a> senden und eine Fotokopie ihres Personalausweises oder eines anderen \u00e4hnlichen Identifikationsdokuments beif\u00fcgen, um die Aus\u00fcbung der folgenden Rechte zu beantragen:<\/p>\n\n<ul class=\"wp-block-list\">\n<li><strong>Zugang<\/strong> zu Ihren personenbezogenen Daten: Sie k\u00f6nnen <strong>Arzagot SL<\/strong> fragen, ob wir Ihre personenbezogenen Daten verwenden.<\/li>\n\n\n\n<li>die <strong>Berichtigung<\/strong> zu beantragen, wenn sie nicht korrekt sind, oder das <strong>Recht auf Vergessenwerden<\/strong> auszu\u00fcben.<\/li>\n\n\n\n<li>In diesem Fall werden sie von <strong>Arzagot SL<\/strong> nur f\u00fcr die Aus\u00fcbung oder Verteidigung von Anspr\u00fcchen aufbewahrt.<\/li>\n\n\n\n<li><strong>Widerspruch gegen<\/strong> die Verarbeitung einlegen: <strong>Arzagot SL<\/strong> wird die Verarbeitung der Daten in der von Ihnen angegebenen Weise einstellen, es sei denn, dass sie aus legitimen Gr\u00fcnden oder zur Geltendmachung oder Verteidigung von Anspr\u00fcchen weiterhin verarbeitet werden m\u00fcssen.<\/li>\n\n\n\n<li>Beantragung der <strong>Daten\u00fcbertragbarkeit<\/strong>: Wenn Sie w\u00fcnschen, dass Ihre Daten von einem anderen Unternehmen verarbeitet werden, wird <strong>Arzagot SL<\/strong> Ihnen die \u00dcbertragbarkeit Ihrer Daten auf den neuen Verantwortlichen zur Verf\u00fcgung stellen.<\/li>\n<\/ul>\n\n<p>Sie k\u00f6nnen die von der spanischen Datenschutzbeh\u00f6rde zur Verf\u00fcgung gestellten Vorlagen verwenden, um Ihre oben genannten Rechte auszu\u00fcben: <a href=\"https:\/\/www.aepd.es\/reglamento\/derechos\/index.html\" target=\"_blank\" rel=\"noreferrer noopener\">Hier<\/a><\/p>\n\n<p>Beschwerde bei der AEPD: Wenn Sie der Meinung sind, dass es ein Problem mit der Art und Weise gibt, wie <strong>Arzagot SL<\/strong> Ihre Daten verarbeitet, k\u00f6nnen Sie Ihre Beschwerde an die zust\u00e4ndige Aufsichtsbeh\u00f6rde richten, die in Spanien die folgende ist: <a href=\"https:\/\/sedeagpd.gob.es\/sede-electronica-web\/vistas\/formNuevaReclamacion\/solicitudReclamacion.jsf%3Bjsessionid=5085E2038B4210818633610065963C3E\" target=\"_blank\" rel=\"noreferrer noopener\">Spanische Datenschutzagentur<\/a>.<\/p>\n\n<p>Wir werden Sie um spezifische Informationen bitten, die uns helfen, Ihre Identit\u00e4t zu best\u00e4tigen und Ihr Recht auf Zugang zu Ihren pers\u00f6nlichen Daten (oder die Aus\u00fcbung eines anderen der oben genannten Rechte) zu gew\u00e4hrleisten. Dies ist eine Sicherheitsma\u00dfnahme, um sicherzustellen, dass pers\u00f6nliche Daten nicht an eine Person weitergegeben werden, die nicht berechtigt ist, diese zu erhalten. <\/p>\n\n<p>Alle Antr\u00e4ge werden innerhalb der gesetzlichen Frist von einem Monat bearbeitet. Es kann jedoch l\u00e4nger als einen Monat dauern, wenn Ihr Antrag besonders komplex ist. In diesem Fall werden wir Sie dar\u00fcber informieren und Sie auf dem Laufenden halten.  <\/p>\n\n<h2 class=\"wp-block-heading\">8. Daten\u00fcbermittlung: Erbringung von Dienstleistungen<\/h2>\n\n<p>Es ist m\u00f6glich, dass wir im Rahmen unserer Arbeit die Hilfe von Dritten ben\u00f6tigen, die die Daten nur verarbeiten, um die vertraglich vereinbarte Dienstleistung zu erbringen, und mit denen wir geeignete Ma\u00dfnahmen getroffen haben, um Ihre Rechte zu gew\u00e4hrleisten:<\/p>\n\n<ul class=\"wp-block-list\">\n<li>Anbieter von Dienstleistungen, die das Management von Systemen und Informationstechnologie \u00fcbernehmen.<\/li>\n\n\n\n<li>Professionelle Berater wie Rechtsanw\u00e4lte, Wirtschaftspr\u00fcfer und Versicherer, die Bank-, Rechts-, Versicherungs- und Buchhaltungsdienstleistungen erbringen.<\/li>\n<\/ul>\n\n<p>Alle f\u00fcr die Verarbeitung Verantwortlichen, an die wir Ihre Daten weitergeben, werden die Sicherheit Ihrer personenbezogenen Daten respektieren und sie in \u00dcbereinstimmung mit der DSGVO behandeln.<\/p>\n\n<p>Wir gestatten diesen f\u00fcr die Verarbeitung Verantwortlichen, Ihre Daten nur f\u00fcr bestimmte Zwecke und gem\u00e4\u00df unseren Anweisungen zu verarbeiten. Sie k\u00f6nnen jedoch im Rahmen der Transparenz eine Liste dieser Unternehmen, die Dienstleistungen f\u00fcr uns erbringen, bei uns anfordern, indem Sie uns per E-Mail kontaktieren: <a href=\"mailto:info@arzagot.com\">info@arzagot.com<\/a> <\/p>\n\n<h2 class=\"wp-block-heading\">9. Datensicherheit<\/h2>\n\n<p>Wir haben angemessene Sicherheitsma\u00dfnahmen ergriffen, um zu verhindern, dass Ihre pers\u00f6nlichen Daten versehentlich verloren gehen, unbefugt verwendet oder auf sie zugegriffen wird, sie ge\u00e4ndert oder offengelegt werden. Dar\u00fcber hinaus beschr\u00e4nken wir den Zugang zu Ihren pers\u00f6nlichen Daten auf unsere Mitarbeiter, Vertragspartner und andere Dritte, die aus gesch\u00e4ftlichen Gr\u00fcnden Kenntnis von diesen Daten haben m\u00fcssen. Sie werden Ihre personenbezogenen Daten gem\u00e4\u00df unseren Anweisungen verarbeiten und unterliegen der Geheimhaltungspflicht.  <\/p>\n\n<p>Wir haben Verfahren eingerichtet, um mit jedem Verdacht auf eine Verletzung Ihrer pers\u00f6nlichen Daten umzugehen und werden Sie und die Aufsichtsbeh\u00f6rde im Falle einer Verletzung informieren, wie in der DSGVO in den Artikeln 33 und 34 im Falle einer Sicherheitsverletzung vorgesehen.<\/p>\n","protected":false},"excerpt":{"rendered":"<p>Dieser Rechtstext gibt Ihnen Einzelheiten dar\u00fcber, wie wir Ihre pers\u00f6nlichen Daten durch die Nutzung unserer Website https:\/\/arzagot.com sammeln und verarbeiten, einschlie\u00dflich aller Informationen, die Sie uns \u00fcber die Website zur Verf\u00fcgung stellen k\u00f6nnen, wenn Sie Ihre Daten \u00fcber die daf\u00fcr vorgesehenen Formulare einreichen. Wenn Sie uns Ihre Daten zur Verf\u00fcgung stellen, informieren wir Sie dar\u00fcber, [&hellip;]<\/p>\n","protected":false},"author":1,"featured_media":0,"parent":0,"menu_order":0,"comment_status":"closed","ping_status":"closed","template":"","meta":{"site-sidebar-layout":"default","site-content-layout":"default","ast-site-content-layout":"narrow-width-container","site-content-style":"default","site-sidebar-style":"default","ast-global-header-display":"","ast-banner-title-visibility":"","ast-main-header-display":"","ast-hfb-above-header-display":"","ast-hfb-below-header-display":"","ast-hfb-mobile-header-display":"","site-post-title":"","ast-breadcrumbs-content":"","ast-featured-img":"","footer-sml-layout":"","ast-disable-related-posts":"","theme-transparent-header-meta":"default","adv-header-id-meta":"","stick-header-meta":"","header-above-stick-meta":"","header-main-stick-meta":"","header-below-stick-meta":"","astra-migrate-meta-layouts":"default","ast-page-background-enabled":"default","ast-page-background-meta":{"desktop":{"background-color":"","background-image":"","background-repeat":"repeat","background-position":"center center","background-size":"auto","background-attachment":"scroll","background-type":"","background-media":"","overlay-type":"","overlay-color":"","overlay-opacity":"","overlay-gradient":""},"tablet":{"background-color":"","background-image":"","background-repeat":"repeat","background-position":"center center","background-size":"auto","background-attachment":"scroll","background-type":"","background-media":"","overlay-type":"","overlay-color":"","overlay-opacity":"","overlay-gradient":""},"mobile":{"background-color":"","background-image":"","background-repeat":"repeat","background-position":"center center","background-size":"auto","background-attachment":"scroll","background-type":"","background-media":"","overlay-type":"","overlay-color":"","overlay-opacity":"","overlay-gradient":""}},"ast-content-background-meta":{"desktop":{"background-color":"var(--ast-global-color-5)","background-image":"","background-repeat":"repeat","background-position":"center center","background-size":"auto","background-attachment":"scroll","background-type":"","background-media":"","overlay-type":"","overlay-color":"","overlay-opacity":"","overlay-gradient":""},"tablet":{"background-color":"var(--ast-global-color-5)","background-image":"","background-repeat":"repeat","background-position":"center center","background-size":"auto","background-attachment":"scroll","background-type":"","background-media":"","overlay-type":"","overlay-color":"","overlay-opacity":"","overlay-gradient":""},"mobile":{"background-color":"var(--ast-global-color-5)","background-image":"","background-repeat":"repeat","background-position":"center center","background-size":"auto","background-attachment":"scroll","background-type":"","background-media":"","overlay-type":"","overlay-color":"","overlay-opacity":"","overlay-gradient":""}},"footnotes":""},"class_list":["post-5051","page","type-page","status-publish","hentry"],"_links":{"self":[{"href":"https:\/\/arzagot.com\/de\/wp-json\/wp\/v2\/pages\/5051","targetHints":{"allow":["GET"]}}],"collection":[{"href":"https:\/\/arzagot.com\/de\/wp-json\/wp\/v2\/pages"}],"about":[{"href":"https:\/\/arzagot.com\/de\/wp-json\/wp\/v2\/types\/page"}],"author":[{"embeddable":true,"href":"https:\/\/arzagot.com\/de\/wp-json\/wp\/v2\/users\/1"}],"replies":[{"embeddable":true,"href":"https:\/\/arzagot.com\/de\/wp-json\/wp\/v2\/comments?post=5051"}],"version-history":[{"count":1,"href":"https:\/\/arzagot.com\/de\/wp-json\/wp\/v2\/pages\/5051\/revisions"}],"predecessor-version":[{"id":5052,"href":"https:\/\/arzagot.com\/de\/wp-json\/wp\/v2\/pages\/5051\/revisions\/5052"}],"wp:attachment":[{"href":"https:\/\/arzagot.com\/de\/wp-json\/wp\/v2\/media?parent=5051"}],"curies":[{"name":"wp","href":"https:\/\/api.w.org\/{rel}","templated":true}]}}