{"id":1492,"date":"2025-02-10T13:11:18","date_gmt":"2025-02-10T12:11:18","guid":{"rendered":"https:\/\/arzagot.com\/qui-sommes\/"},"modified":"2025-04-04T11:56:14","modified_gmt":"2025-04-04T09:56:14","slug":"quienes-somos","status":"publish","type":"page","link":"https:\/\/arzagot.com\/es\/quienes-somos\/","title":{"rendered":"Qui\u00e9nes somos"},"content":{"rendered":"\t\t<div data-elementor-type=\"wp-page\" data-elementor-id=\"1492\" class=\"elementor elementor-1492 elementor-535\" data-elementor-post-type=\"page\">\n\t\t\t\t<div class=\"elementor-element elementor-element-854534f e-flex e-con-boxed e-con e-parent\" data-id=\"854534f\" data-element_type=\"container\" data-e-type=\"container\">\n\t\t\t\t\t<div class=\"e-con-inner\">\n\t\t<div class=\"elementor-element elementor-element-c880f68 e-con-full e-flex e-con e-child\" data-id=\"c880f68\" data-element_type=\"container\" data-e-type=\"container\" data-settings=\"{&quot;background_background&quot;:&quot;classic&quot;}\">\n\t\t\t\t<div class=\"elementor-element elementor-element-190390a elementor-widget elementor-widget-spacer\" data-id=\"190390a\" data-element_type=\"widget\" data-e-type=\"widget\" data-widget_type=\"spacer.default\">\n\t\t\t\t\t\t\t<div class=\"elementor-spacer\">\n\t\t\t<div class=\"elementor-spacer-inner\"><\/div>\n\t\t<\/div>\n\t\t\t\t\t\t<\/div>\n\t\t\t\t<\/div>\n\t\t<div class=\"elementor-element elementor-element-91d2708 e-con-full e-flex e-con e-child\" data-id=\"91d2708\" data-element_type=\"container\" data-e-type=\"container\" data-settings=\"{&quot;background_background&quot;:&quot;classic&quot;}\">\n\t\t\t\t<div class=\"elementor-element elementor-element-33a9397 elementor-widget elementor-widget-heading\" data-id=\"33a9397\" data-element_type=\"widget\" data-e-type=\"widget\" data-widget_type=\"heading.default\">\n\t\t\t\t\t<h1 class=\"elementor-heading-title elementor-size-default\">QUI\u00c9NES SOMOS<\/h1>\t\t\t\t<\/div>\n\t\t\t\t<\/div>\n\t\t\t\t\t<\/div>\n\t\t\t\t<\/div>\n\t\t<div class=\"elementor-element elementor-element-c2cff13 e-flex e-con-boxed e-con e-parent\" data-id=\"c2cff13\" data-element_type=\"container\" data-e-type=\"container\">\n\t\t\t\t\t<div class=\"e-con-inner\">\n\t\t<div class=\"elementor-element elementor-element-78326dd e-con-full e-flex e-con e-child\" data-id=\"78326dd\" data-element_type=\"container\" data-e-type=\"container\" data-settings=\"{&quot;background_background&quot;:&quot;classic&quot;}\">\n\t\t\t\t<div class=\"elementor-element elementor-element-26c6a17 elementor-widget elementor-widget-text-editor\" data-id=\"26c6a17\" data-element_type=\"widget\" data-e-type=\"widget\" data-widget_type=\"text-editor.default\">\n\t\t\t\t\t\t\t\t\t<p>Productores y especialistas en fresas silvestres y flores comestibles desde hace m\u00e1s de 60 a\u00f1os, el equipo Arzagot se compromete a ofrecer productos excepcionales.<\/p><p>Combinando tradici\u00f3n e innovaci\u00f3n, garantizamos frescura, calidad y respeto por la naturaleza en cada cosecha.<\/p>\t\t\t\t\t\t\t\t<\/div>\n\t\t\t\t<\/div>\n\t\t\t\t\t<\/div>\n\t\t\t\t<\/div>\n\t\t<div class=\"elementor-element elementor-element-83f2d84 e-flex e-con-boxed e-con e-parent\" data-id=\"83f2d84\" data-element_type=\"container\" data-e-type=\"container\">\n\t\t\t\t\t<div class=\"e-con-inner\">\n\t\t<div class=\"elementor-element elementor-element-c9da704 e-con-full e-grid e-con e-child\" data-id=\"c9da704\" data-element_type=\"container\" data-e-type=\"container\" data-settings=\"{&quot;background_background&quot;:&quot;classic&quot;}\">\n\t\t\t\t<div class=\"elementor-element elementor-element-2ea9e6c elementor-widget elementor-widget-image\" data-id=\"2ea9e6c\" data-element_type=\"widget\" data-e-type=\"widget\" data-widget_type=\"image.default\">\n\t\t\t\t\t\t\t\t\t\t\t\t\t\t\t\t<a href=\"https:\/\/arzagot.com\/wp-content\/uploads\/2025\/02\/ARZAGOT-284-2.jpg\" data-elementor-open-lightbox=\"yes\" data-e-action-hash=\"#elementor-action%3Aaction%3Dlightbox%26settings%3DeyJpZCI6Mjk0OSwidXJsIjoiaHR0cHM6XC9cL2FyemFnb3QuY29tXC93cC1jb250ZW50XC91cGxvYWRzXC8yMDI1XC8wMlwvQVJaQUdPVC0yODQtMi5qcGcifQ%3D%3D\">\n\t\t\t\t\t\t\t<img fetchpriority=\"high\" decoding=\"async\" width=\"1400\" height=\"933\" src=\"https:\/\/arzagot.com\/wp-content\/uploads\/2025\/02\/ARZAGOT-284-2.jpg\" class=\"elementor-animation-float attachment-full size-full wp-image-2949\" alt=\"\" srcset=\"https:\/\/arzagot.com\/wp-content\/uploads\/2025\/02\/ARZAGOT-284-2.jpg 1400w, https:\/\/arzagot.com\/wp-content\/uploads\/2025\/02\/ARZAGOT-284-2-300x200.jpg 300w, https:\/\/arzagot.com\/wp-content\/uploads\/2025\/02\/ARZAGOT-284-2-1024x682.jpg 1024w, https:\/\/arzagot.com\/wp-content\/uploads\/2025\/02\/ARZAGOT-284-2-768x512.jpg 768w\" sizes=\"(max-width: 1400px) 100vw, 1400px\" \/>\t\t\t\t\t\t\t\t<\/a>\n\t\t\t\t\t\t\t\t\t\t\t\t\t\t\t<\/div>\n\t\t\t\t<div class=\"elementor-element elementor-element-4ee22b5 elementor-widget elementor-widget-image\" data-id=\"4ee22b5\" data-element_type=\"widget\" data-e-type=\"widget\" data-widget_type=\"image.default\">\n\t\t\t\t\t\t\t\t\t\t\t\t\t\t\t\t<a href=\"https:\/\/arzagot.com\/wp-content\/uploads\/2025\/02\/ARZAGOT-207-2.jpg\" data-elementor-open-lightbox=\"yes\" data-e-action-hash=\"#elementor-action%3Aaction%3Dlightbox%26settings%3DeyJpZCI6Mjk1MiwidXJsIjoiaHR0cHM6XC9cL2FyemFnb3QuY29tXC93cC1jb250ZW50XC91cGxvYWRzXC8yMDI1XC8wMlwvQVJaQUdPVC0yMDctMi5qcGcifQ%3D%3D\">\n\t\t\t\t\t\t\t<img decoding=\"async\" width=\"1024\" height=\"682\" src=\"https:\/\/arzagot.com\/wp-content\/uploads\/2025\/02\/ARZAGOT-207-2-1024x682.jpg\" class=\"elementor-animation-float attachment-large size-large wp-image-2952\" alt=\"\" srcset=\"https:\/\/arzagot.com\/wp-content\/uploads\/2025\/02\/ARZAGOT-207-2-1024x682.jpg 1024w, https:\/\/arzagot.com\/wp-content\/uploads\/2025\/02\/ARZAGOT-207-2-300x200.jpg 300w, https:\/\/arzagot.com\/wp-content\/uploads\/2025\/02\/ARZAGOT-207-2-768x512.jpg 768w, https:\/\/arzagot.com\/wp-content\/uploads\/2025\/02\/ARZAGOT-207-2.jpg 1400w\" sizes=\"(max-width: 1024px) 100vw, 1024px\" \/>\t\t\t\t\t\t\t\t<\/a>\n\t\t\t\t\t\t\t\t\t\t\t\t\t\t\t<\/div>\n\t\t\t\t<div class=\"elementor-element elementor-element-4d6c365 elementor-widget elementor-widget-image\" data-id=\"4d6c365\" data-element_type=\"widget\" data-e-type=\"widget\" data-widget_type=\"image.default\">\n\t\t\t\t\t\t\t\t\t\t\t\t\t\t\t\t<a href=\"https:\/\/arzagot.com\/wp-content\/uploads\/2025\/02\/ARZAGOT-262-2.jpg\" data-elementor-open-lightbox=\"yes\" data-e-action-hash=\"#elementor-action%3Aaction%3Dlightbox%26settings%3DeyJpZCI6Mjk1NSwidXJsIjoiaHR0cHM6XC9cL2FyemFnb3QuY29tXC93cC1jb250ZW50XC91cGxvYWRzXC8yMDI1XC8wMlwvQVJaQUdPVC0yNjItMi5qcGcifQ%3D%3D\">\n\t\t\t\t\t\t\t<img decoding=\"async\" width=\"1024\" height=\"682\" src=\"https:\/\/arzagot.com\/wp-content\/uploads\/2025\/02\/ARZAGOT-262-2-1024x682.jpg\" class=\"elementor-animation-float attachment-large size-large wp-image-2955\" alt=\"\" srcset=\"https:\/\/arzagot.com\/wp-content\/uploads\/2025\/02\/ARZAGOT-262-2-1024x682.jpg 1024w, https:\/\/arzagot.com\/wp-content\/uploads\/2025\/02\/ARZAGOT-262-2-300x200.jpg 300w, https:\/\/arzagot.com\/wp-content\/uploads\/2025\/02\/ARZAGOT-262-2-768x512.jpg 768w, https:\/\/arzagot.com\/wp-content\/uploads\/2025\/02\/ARZAGOT-262-2.jpg 1400w\" sizes=\"(max-width: 1024px) 100vw, 1024px\" \/>\t\t\t\t\t\t\t\t<\/a>\n\t\t\t\t\t\t\t\t\t\t\t\t\t\t\t<\/div>\n\t\t\t\t<div class=\"elementor-element elementor-element-61fa68c elementor-widget elementor-widget-image\" data-id=\"61fa68c\" data-element_type=\"widget\" data-e-type=\"widget\" data-widget_type=\"image.default\">\n\t\t\t\t\t\t\t\t\t\t\t\t\t\t\t\t<a href=\"https:\/\/arzagot.com\/wp-content\/uploads\/2025\/02\/ARZAGOT-127-2.jpg\" data-elementor-open-lightbox=\"yes\" data-e-action-hash=\"#elementor-action%3Aaction%3Dlightbox%26settings%3DeyJpZCI6Mjk1OCwidXJsIjoiaHR0cHM6XC9cL2FyemFnb3QuY29tXC93cC1jb250ZW50XC91cGxvYWRzXC8yMDI1XC8wMlwvQVJaQUdPVC0xMjctMi5qcGcifQ%3D%3D\">\n\t\t\t\t\t\t\t<img loading=\"lazy\" decoding=\"async\" width=\"1024\" height=\"682\" src=\"https:\/\/arzagot.com\/wp-content\/uploads\/2025\/02\/ARZAGOT-127-2-1024x682.jpg\" class=\"elementor-animation-float attachment-large size-large wp-image-2958\" alt=\"\" srcset=\"https:\/\/arzagot.com\/wp-content\/uploads\/2025\/02\/ARZAGOT-127-2-1024x682.jpg 1024w, https:\/\/arzagot.com\/wp-content\/uploads\/2025\/02\/ARZAGOT-127-2-300x200.jpg 300w, https:\/\/arzagot.com\/wp-content\/uploads\/2025\/02\/ARZAGOT-127-2-768x512.jpg 768w, https:\/\/arzagot.com\/wp-content\/uploads\/2025\/02\/ARZAGOT-127-2.jpg 1400w\" sizes=\"(max-width: 1024px) 100vw, 1024px\" \/>\t\t\t\t\t\t\t\t<\/a>\n\t\t\t\t\t\t\t\t\t\t\t\t\t\t\t<\/div>\n\t\t\t\t<div class=\"elementor-element elementor-element-8e6ac94 elementor-widget elementor-widget-image\" data-id=\"8e6ac94\" data-element_type=\"widget\" data-e-type=\"widget\" data-widget_type=\"image.default\">\n\t\t\t\t\t\t\t\t\t\t\t\t\t\t\t\t<a href=\"https:\/\/arzagot.com\/wp-content\/uploads\/2025\/02\/ARZAGOT-236-2.jpg\" data-elementor-open-lightbox=\"yes\" data-e-action-hash=\"#elementor-action%3Aaction%3Dlightbox%26settings%3DeyJpZCI6Mjk2MSwidXJsIjoiaHR0cHM6XC9cL2FyemFnb3QuY29tXC93cC1jb250ZW50XC91cGxvYWRzXC8yMDI1XC8wMlwvQVJaQUdPVC0yMzYtMi5qcGcifQ%3D%3D\">\n\t\t\t\t\t\t\t<img loading=\"lazy\" decoding=\"async\" width=\"1024\" height=\"682\" src=\"https:\/\/arzagot.com\/wp-content\/uploads\/2025\/02\/ARZAGOT-236-2-1024x682.jpg\" class=\"elementor-animation-float attachment-large size-large wp-image-2961\" alt=\"\" srcset=\"https:\/\/arzagot.com\/wp-content\/uploads\/2025\/02\/ARZAGOT-236-2-1024x682.jpg 1024w, https:\/\/arzagot.com\/wp-content\/uploads\/2025\/02\/ARZAGOT-236-2-300x200.jpg 300w, https:\/\/arzagot.com\/wp-content\/uploads\/2025\/02\/ARZAGOT-236-2-768x512.jpg 768w, https:\/\/arzagot.com\/wp-content\/uploads\/2025\/02\/ARZAGOT-236-2.jpg 1400w\" sizes=\"(max-width: 1024px) 100vw, 1024px\" \/>\t\t\t\t\t\t\t\t<\/a>\n\t\t\t\t\t\t\t\t\t\t\t\t\t\t\t<\/div>\n\t\t\t\t<\/div>\n\t\t\t\t\t<\/div>\n\t\t\t\t<\/div>\n\t\t<div class=\"elementor-element elementor-element-e89d3e6 e-flex e-con-boxed e-con e-parent\" data-id=\"e89d3e6\" data-element_type=\"container\" data-e-type=\"container\">\n\t\t\t\t\t<div class=\"e-con-inner\">\n\t\t\t\t<div class=\"elementor-element elementor-element-67f0bd4 elementor-widget elementor-widget-spacer\" data-id=\"67f0bd4\" data-element_type=\"widget\" data-e-type=\"widget\" data-widget_type=\"spacer.default\">\n\t\t\t\t\t\t\t<div class=\"elementor-spacer\">\n\t\t\t<div class=\"elementor-spacer-inner\"><\/div>\n\t\t<\/div>\n\t\t\t\t\t\t<\/div>\n\t\t\t\t\t<\/div>\n\t\t\t\t<\/div>\n\t\t\t\t<\/div>\n\t\t","protected":false},"excerpt":{"rendered":"<p>QUI\u00c9NES SOMOS Productores y especialistas en fresas silvestres y flores comestibles desde hace m\u00e1s de 60 a\u00f1os, el equipo Arzagot se compromete a ofrecer productos excepcionales. Combinando tradici\u00f3n e innovaci\u00f3n, garantizamos frescura, calidad y respeto por la naturaleza en cada cosecha.<\/p>\n","protected":false},"author":1,"featured_media":0,"parent":0,"menu_order":0,"comment_status":"closed","ping_status":"closed","template":"","meta":{"site-sidebar-layout":"no-sidebar","site-content-layout":"page-builder","ast-site-content-layout":"full-width-container","site-content-style":"default","site-sidebar-style":"default","ast-global-header-display":"","ast-banner-title-visibility":"","ast-main-header-display":"","ast-hfb-above-header-display":"","ast-hfb-below-header-display":"","ast-hfb-mobile-header-display":"","site-post-title":"disabled","ast-breadcrumbs-content":"","ast-featured-img":"disabled","footer-sml-layout":"","ast-disable-related-posts":"","theme-transparent-header-meta":"","adv-header-id-meta":"","stick-header-meta":"","header-above-stick-meta":"","header-main-stick-meta":"","header-below-stick-meta":"","astra-migrate-meta-layouts":"set","ast-page-background-enabled":"default","ast-page-background-meta":{"desktop":{"background-color":"","background-image":"","background-repeat":"repeat","background-position":"center center","background-size":"auto","background-attachment":"scroll","background-type":"","background-media":"","overlay-type":"","overlay-color":"","overlay-opacity":"","overlay-gradient":""},"tablet":{"background-color":"","background-image":"","background-repeat":"repeat","background-position":"center center","background-size":"auto","background-attachment":"scroll","background-type":"","background-media":"","overlay-type":"","overlay-color":"","overlay-opacity":"","overlay-gradient":""},"mobile":{"background-color":"","background-image":"","background-repeat":"repeat","background-position":"center center","background-size":"auto","background-attachment":"scroll","background-type":"","background-media":"","overlay-type":"","overlay-color":"","overlay-opacity":"","overlay-gradient":""}},"ast-content-background-meta":{"desktop":{"background-color":"var(--ast-global-color-5)","background-image":"","background-repeat":"repeat","background-position":"center center","background-size":"auto","background-attachment":"scroll","background-type":"","background-media":"","overlay-type":"","overlay-color":"","overlay-opacity":"","overlay-gradient":""},"tablet":{"background-color":"var(--ast-global-color-5)","background-image":"","background-repeat":"repeat","background-position":"center center","background-size":"auto","background-attachment":"scroll","background-type":"","background-media":"","overlay-type":"","overlay-color":"","overlay-opacity":"","overlay-gradient":""},"mobile":{"background-color":"var(--ast-global-color-5)","background-image":"","background-repeat":"repeat","background-position":"center center","background-size":"auto","background-attachment":"scroll","background-type":"","background-media":"","overlay-type":"","overlay-color":"","overlay-opacity":"","overlay-gradient":""}},"footnotes":""},"class_list":["post-1492","page","type-page","status-publish","hentry"],"_links":{"self":[{"href":"https:\/\/arzagot.com\/es\/wp-json\/wp\/v2\/pages\/1492","targetHints":{"allow":["GET"]}}],"collection":[{"href":"https:\/\/arzagot.com\/es\/wp-json\/wp\/v2\/pages"}],"about":[{"href":"https:\/\/arzagot.com\/es\/wp-json\/wp\/v2\/types\/page"}],"author":[{"embeddable":true,"href":"https:\/\/arzagot.com\/es\/wp-json\/wp\/v2\/users\/1"}],"replies":[{"embeddable":true,"href":"https:\/\/arzagot.com\/es\/wp-json\/wp\/v2\/comments?post=1492"}],"version-history":[{"count":26,"href":"https:\/\/arzagot.com\/es\/wp-json\/wp\/v2\/pages\/1492\/revisions"}],"predecessor-version":[{"id":3786,"href":"https:\/\/arzagot.com\/es\/wp-json\/wp\/v2\/pages\/1492\/revisions\/3786"}],"wp:attachment":[{"href":"https:\/\/arzagot.com\/es\/wp-json\/wp\/v2\/media?parent=1492"}],"curies":[{"name":"wp","href":"https:\/\/api.w.org\/{rel}","templated":true}]}}