{"id":1579,"date":"2025-02-14T10:11:08","date_gmt":"2025-02-14T09:11:08","guid":{"rendered":"https:\/\/arzagot.com\/nouvelles\/"},"modified":"2025-02-28T10:53:12","modified_gmt":"2025-02-28T09:53:12","slug":"blog","status":"publish","type":"page","link":"https:\/\/arzagot.com\/es\/blog\/","title":{"rendered":"Blog"},"content":{"rendered":"\t\t<div data-elementor-type=\"wp-page\" data-elementor-id=\"1579\" class=\"elementor elementor-1579 elementor-1164\" data-elementor-post-type=\"page\">\n\t\t\t\t<div class=\"elementor-element elementor-element-a1f50a6 e-flex e-con-boxed e-con e-parent\" data-id=\"a1f50a6\" data-element_type=\"container\" data-e-type=\"container\" data-settings=\"{&quot;background_background&quot;:&quot;classic&quot;}\">\n\t\t\t\t\t<div class=\"e-con-inner\">\n\t\t\t\t<div class=\"elementor-element elementor-element-912fbee elementor-widget elementor-widget-heading\" data-id=\"912fbee\" data-element_type=\"widget\" data-e-type=\"widget\" data-widget_type=\"heading.default\">\n\t\t\t\t\t<h1 class=\"elementor-heading-title elementor-size-default\">BLOG<\/h1>\t\t\t\t<\/div>\n\t\t\t\t\t<\/div>\n\t\t\t\t<\/div>\n\t\t<div class=\"elementor-element elementor-element-5edab16 e-flex e-con-boxed e-con e-parent\" data-id=\"5edab16\" data-element_type=\"container\" data-e-type=\"container\">\n\t\t\t\t\t<div class=\"e-con-inner\">\n\t\t\t\t<div class=\"elementor-element elementor-element-88d0801 elementor-grid-2 elementor-grid-tablet-2 elementor-grid-mobile-1 elementor-widget elementor-widget-loop-grid\" data-id=\"88d0801\" data-element_type=\"widget\" data-e-type=\"widget\" data-settings=\"{&quot;template_id&quot;:1691,&quot;columns&quot;:2,&quot;row_gap&quot;:{&quot;unit&quot;:&quot;px&quot;,&quot;size&quot;:20,&quot;sizes&quot;:[]},&quot;pagination_type&quot;:&quot;numbers&quot;,&quot;_skin&quot;:&quot;post&quot;,&quot;columns_tablet&quot;:&quot;2&quot;,&quot;columns_mobile&quot;:&quot;1&quot;,&quot;edit_handle_selector&quot;:&quot;[data-elementor-type=\\&quot;loop-item\\&quot;]&quot;,&quot;pagination_load_type&quot;:&quot;page_reload&quot;,&quot;row_gap_tablet&quot;:{&quot;unit&quot;:&quot;px&quot;,&quot;size&quot;:&quot;&quot;,&quot;sizes&quot;:[]},&quot;row_gap_mobile&quot;:{&quot;unit&quot;:&quot;px&quot;,&quot;size&quot;:&quot;&quot;,&quot;sizes&quot;:[]}}\" data-widget_type=\"loop-grid.post\">\n\t\t\t\t<div class=\"elementor-widget-container\">\n\t\t\t\t\t\t\t<div class=\"elementor-loop-container elementor-grid\" role=\"list\">\n\t\t<style id=\"loop-1691\">.elementor-1691 .elementor-element.elementor-element-877d610{--display:flex;--flex-direction:column;--container-widget-width:100%;--container-widget-height:initial;--container-widget-flex-grow:0;--container-widget-align-self:initial;--flex-wrap-mobile:wrap;--padding-top:0px;--padding-bottom:0px;--padding-left:0px;--padding-right:0px;}.elementor-1691 .elementor-element.elementor-element-22bfe73{--display:flex;--padding-top:0px;--padding-bottom:0px;--padding-left:0px;--padding-right:0px;}.elementor-1691 .elementor-element.elementor-element-393b49e{--display:flex;--margin-top:0px;--margin-bottom:0px;--margin-left:0px;--margin-right:0px;--padding-top:0px;--padding-bottom:0px;--padding-left:0px;--padding-right:20px;}.elementor-1691 .elementor-element.elementor-element-393b49e:not(.elementor-motion-effects-element-type-background), .elementor-1691 .elementor-element.elementor-element-393b49e > .elementor-motion-effects-container > .elementor-motion-effects-layer{background-color:var( --e-global-color-astglobalcolor2 );}.elementor-1691 .elementor-element.elementor-element-393b49e.e-con{--align-self:center;}.elementor-1691 .elementor-element.elementor-element-f0d09c9 .elementor-heading-title{font-size:20px;font-weight:500;text-transform:uppercase;}.elementor-1691 .elementor-element.elementor-element-f0d09c9{padding:0px 0px 0px 0px;}.elementor-1691 .elementor-element.elementor-element-0ca5c58{font-size:16px;line-height:1.5em;padding:0px 0px 0px 0px;}.elementor-1691 .elementor-element.elementor-element-4dbf916 .elementor-button{font-family:\"Poppins\", Sans-serif;font-size:20px;font-weight:500;fill:var( --e-global-color-astglobalcolor0 );color:var( --e-global-color-astglobalcolor0 );background-color:#FFFFFF00;transition-duration:0s;border-style:solid;border-width:0px 0px 01px 0px;border-color:var( --e-global-color-astglobalcolor1 );border-radius:0px 0px 0px 0px;padding:0px 0px 10px 0px;}.elementor-1691 .elementor-element.elementor-element-4dbf916 .elementor-button:hover, .elementor-1691 .elementor-element.elementor-element-4dbf916 .elementor-button:focus{border-color:var( --e-global-color-astglobalcolor0 );}@media(min-width:768px){.elementor-1691 .elementor-element.elementor-element-22bfe73{--width:100%;}.elementor-1691 .elementor-element.elementor-element-393b49e{--width:100%;}}@media(max-width:1024px) and (min-width:768px){.elementor-1691 .elementor-element.elementor-element-22bfe73{--width:100%;}.elementor-1691 .elementor-element.elementor-element-393b49e{--width:80%;}}@media(max-width:1024px){.elementor-1691 .elementor-element.elementor-element-393b49e{--margin-top:-184px;--margin-bottom:0px;--margin-left:0px;--margin-right:0px;--padding-top:40px;--padding-bottom:40px;--padding-left:40px;--padding-right:40px;}.elementor-1691 .elementor-element.elementor-element-f0d09c9 .elementor-heading-title{font-size:26px;}}@media(max-width:767px){.elementor-1691 .elementor-element.elementor-element-393b49e{--margin-top:-34px;--margin-bottom:0px;--margin-left:0px;--margin-right:0px;--padding-top:20px;--padding-bottom:20px;--padding-left:20px;--padding-right:20px;}.elementor-1691 .elementor-element.elementor-element-f0d09c9{padding:20px 0px 0px 0px;}}<\/style>\t\t<div data-elementor-type=\"loop-item\" data-elementor-id=\"1691\" class=\"elementor elementor-1691 elementor-1157 elementor-1157 e-loop-item e-loop-item-5477 post-5477 post type-post status-publish format-standard has-post-thumbnail hentry category-sin-categorizar\" data-elementor-post-type=\"elementor_library\" data-custom-edit-handle=\"1\">\n\t\t\t<div class=\"elementor-element elementor-element-877d610 e-flex e-con-boxed e-con e-parent\" data-id=\"877d610\" data-element_type=\"container\" data-e-type=\"container\">\n\t\t\t\t\t<div class=\"e-con-inner\">\n\t\t<a class=\"elementor-element elementor-element-22bfe73 e-con-full e-flex e-con e-child\" data-id=\"22bfe73\" data-element_type=\"container\" data-e-type=\"container\" data-settings=\"{&quot;background_background&quot;:&quot;classic&quot;}\" href=\"https:\/\/arzagot.com\/es\/arzagot-en-el-programa-cometelo-de-canal-sur\/\">\n\t\t\t\t<div class=\"elementor-element elementor-element-73a37de elementor-widget elementor-widget-theme-post-featured-image elementor-widget-image\" data-id=\"73a37de\" data-element_type=\"widget\" data-e-type=\"widget\" data-widget_type=\"theme-post-featured-image.default\">\n\t\t\t\t\t\t\t\t\t\t\t\t\t\t\t\t<a href=\"https:\/\/arzagot.com\/es\/arzagot-en-el-programa-cometelo-de-canal-sur\/\">\n\t\t\t\t\t\t\t<img decoding=\"async\" src=\"https:\/\/arzagot.com\/wp-content\/uploads\/elementor\/thumbs\/e18911b5a38045fda9a691e5e2b6d001-r7tohckwu9xnuvs5pzmtfmsledd51h1g2izztmyigm.jpg\" title=\"C\u00f3metelo, Canal Sur TV\" alt=\"C\u00f3metelo, Canal Sur TV\" loading=\"lazy\" \/>\t\t\t\t\t\t\t\t<\/a>\n\t\t\t\t\t\t\t\t\t\t\t\t\t\t\t<\/div>\n\t\t\t\t<\/a>\n\t\t<div class=\"elementor-element elementor-element-393b49e e-con-full e-flex e-con e-child\" data-id=\"393b49e\" data-element_type=\"container\" data-e-type=\"container\" data-settings=\"{&quot;background_background&quot;:&quot;classic&quot;}\">\n\t\t\t\t<div class=\"elementor-element elementor-element-f0d09c9 elementor-widget elementor-widget-heading\" data-id=\"f0d09c9\" data-element_type=\"widget\" data-e-type=\"widget\" data-widget_type=\"heading.default\">\n\t\t\t\t\t<h2 class=\"elementor-heading-title elementor-size-default\"><a href=\"https:\/\/arzagot.com\/es\/arzagot-en-el-programa-cometelo-de-canal-sur\/\">Arzagot en el programa \u00abC\u00f3metelo\u00bb de Canal Sur<\/a><\/h2>\t\t\t\t<\/div>\n\t\t\t\t<div class=\"elementor-element elementor-element-0ca5c58 elementor-widget elementor-widget-theme-post-excerpt\" data-id=\"0ca5c58\" data-element_type=\"widget\" data-e-type=\"widget\" data-widget_type=\"theme-post-excerpt.default\">\n\t\t\t\t\t<p>El programa \u00abC\u00f3metelo\u00bb de Canal Sur TV, presentado por el chef Enrique S\u00e1nchez, realiz\u00f3 un...\t\t\t\t<\/div>\n\t\t\t\t<div class=\"elementor-element elementor-element-4dbf916 elementor-align-left elementor-widget elementor-widget-button\" data-id=\"4dbf916\" data-element_type=\"widget\" data-e-type=\"widget\" data-widget_type=\"button.default\">\n\t\t\t\t\t\t\t\t\t\t<a class=\"elementor-button elementor-button-link elementor-size-sm\" href=\"https:\/\/arzagot.com\/es\/arzagot-en-el-programa-cometelo-de-canal-sur\/\">\n\t\t\t\t\t\t<span class=\"elementor-button-content-wrapper\">\n\t\t\t\t\t\t\t\t\t<span class=\"elementor-button-text\">LEER M\u00c1S<\/span>\n\t\t\t\t\t<\/span>\n\t\t\t\t\t<\/a>\n\t\t\t\t\t\t\t\t<\/div>\n\t\t\t\t<\/div>\n\t\t\t\t\t<\/div>\n\t\t\t\t<\/div>\n\t\t\t\t<\/div>\n\t\t\t\t<div data-elementor-type=\"loop-item\" data-elementor-id=\"1691\" class=\"elementor elementor-1691 elementor-1157 elementor-1157 e-loop-item e-loop-item-1535 post-1535 post type-post status-publish format-standard has-post-thumbnail hentry category-sin-categorizar\" data-elementor-post-type=\"elementor_library\" data-custom-edit-handle=\"1\">\n\t\t\t<div class=\"elementor-element elementor-element-877d610 e-flex e-con-boxed e-con e-parent\" data-id=\"877d610\" data-element_type=\"container\" data-e-type=\"container\">\n\t\t\t\t\t<div class=\"e-con-inner\">\n\t\t<a class=\"elementor-element elementor-element-22bfe73 e-con-full e-flex e-con e-child\" data-id=\"22bfe73\" data-element_type=\"container\" data-e-type=\"container\" data-settings=\"{&quot;background_background&quot;:&quot;classic&quot;}\" href=\"https:\/\/arzagot.com\/es\/flores-y-fresas-silvestres-picvert-se-une-a-arzagot\/\">\n\t\t\t\t<div class=\"elementor-element elementor-element-73a37de elementor-widget elementor-widget-theme-post-featured-image elementor-widget-image\" data-id=\"73a37de\" data-element_type=\"widget\" data-e-type=\"widget\" data-widget_type=\"theme-post-featured-image.default\">\n\t\t\t\t\t\t\t\t\t\t\t\t\t\t\t\t<a href=\"https:\/\/arzagot.com\/es\/flores-y-fresas-silvestres-picvert-se-une-a-arzagot\/\">\n\t\t\t\t\t\t\t<img decoding=\"async\" src=\"https:\/\/arzagot.com\/wp-content\/uploads\/2024\/10\/BLOG-ARZAGOT.jpg\" title=\"BLOG-ARZAGOT\" alt=\"BLOG-ARZAGOT\" loading=\"lazy\" \/>\t\t\t\t\t\t\t\t<\/a>\n\t\t\t\t\t\t\t\t\t\t\t\t\t\t\t<\/div>\n\t\t\t\t<\/a>\n\t\t<div class=\"elementor-element elementor-element-393b49e e-con-full e-flex e-con e-child\" data-id=\"393b49e\" data-element_type=\"container\" data-e-type=\"container\" data-settings=\"{&quot;background_background&quot;:&quot;classic&quot;}\">\n\t\t\t\t<div class=\"elementor-element elementor-element-f0d09c9 elementor-widget elementor-widget-heading\" data-id=\"f0d09c9\" data-element_type=\"widget\" data-e-type=\"widget\" data-widget_type=\"heading.default\">\n\t\t\t\t\t<h2 class=\"elementor-heading-title elementor-size-default\"><a href=\"https:\/\/arzagot.com\/es\/flores-y-fresas-silvestres-picvert-se-une-a-arzagot\/\">Flores y fresas silvestres: Picvert se une a Arzagot<\/a><\/h2>\t\t\t\t<\/div>\n\t\t\t\t<div class=\"elementor-element elementor-element-0ca5c58 elementor-widget elementor-widget-theme-post-excerpt\" data-id=\"0ca5c58\" data-element_type=\"widget\" data-e-type=\"widget\" data-widget_type=\"theme-post-excerpt.default\">\n\t\t\t\t\t<p>Con motivo de la \u00faltima feria Fruit Attraction en Madrid, Jacques Deram\u00e9court, presidente de Picvert,...\t\t\t\t<\/div>\n\t\t\t\t<div class=\"elementor-element elementor-element-4dbf916 elementor-align-left elementor-widget elementor-widget-button\" data-id=\"4dbf916\" data-element_type=\"widget\" data-e-type=\"widget\" data-widget_type=\"button.default\">\n\t\t\t\t\t\t\t\t\t\t<a class=\"elementor-button elementor-button-link elementor-size-sm\" href=\"https:\/\/arzagot.com\/es\/flores-y-fresas-silvestres-picvert-se-une-a-arzagot\/\">\n\t\t\t\t\t\t<span class=\"elementor-button-content-wrapper\">\n\t\t\t\t\t\t\t\t\t<span class=\"elementor-button-text\">LEER M\u00c1S<\/span>\n\t\t\t\t\t<\/span>\n\t\t\t\t\t<\/a>\n\t\t\t\t\t\t\t\t<\/div>\n\t\t\t\t<\/div>\n\t\t\t\t\t<\/div>\n\t\t\t\t<\/div>\n\t\t\t\t<\/div>\n\t\t\t\t<div data-elementor-type=\"loop-item\" data-elementor-id=\"1691\" class=\"elementor elementor-1691 elementor-1157 elementor-1157 e-loop-item e-loop-item-2933 post-2933 post type-post status-publish format-standard has-post-thumbnail hentry category-sin-categorizar\" data-elementor-post-type=\"elementor_library\" data-custom-edit-handle=\"1\">\n\t\t\t<div class=\"elementor-element elementor-element-877d610 e-flex e-con-boxed e-con e-parent\" data-id=\"877d610\" data-element_type=\"container\" data-e-type=\"container\">\n\t\t\t\t\t<div class=\"e-con-inner\">\n\t\t<a class=\"elementor-element elementor-element-22bfe73 e-con-full e-flex e-con e-child\" data-id=\"22bfe73\" data-element_type=\"container\" data-e-type=\"container\" data-settings=\"{&quot;background_background&quot;:&quot;classic&quot;}\" href=\"https:\/\/arzagot.com\/es\/subvencion-programa-emplea-t-financiado-por-el-fondo-social-europeo\/\">\n\t\t\t\t<div class=\"elementor-element elementor-element-73a37de elementor-widget elementor-widget-theme-post-featured-image elementor-widget-image\" data-id=\"73a37de\" data-element_type=\"widget\" data-e-type=\"widget\" data-widget_type=\"theme-post-featured-image.default\">\n\t\t\t\t\t\t\t\t\t\t\t\t\t\t\t\t<a href=\"https:\/\/arzagot.com\/es\/subvencion-programa-emplea-t-financiado-por-el-fondo-social-europeo\/\">\n\t\t\t\t\t\t\t<img decoding=\"async\" src=\"https:\/\/arzagot.com\/wp-content\/uploads\/2024\/10\/primer-plano-bandera-ondeante-realista-europa-texturas-interesantes_181624-16383.avif\" title=\"primer-plano-bandera-ondeante-realista-europa-texturas-interesantes_181624-16383\" alt=\"primer-plano-bandera-ondeante-realista-europa-texturas-interesantes_181624-16383\" loading=\"lazy\" \/>\t\t\t\t\t\t\t\t<\/a>\n\t\t\t\t\t\t\t\t\t\t\t\t\t\t\t<\/div>\n\t\t\t\t<\/a>\n\t\t<div class=\"elementor-element elementor-element-393b49e e-con-full e-flex e-con e-child\" data-id=\"393b49e\" data-element_type=\"container\" data-e-type=\"container\" data-settings=\"{&quot;background_background&quot;:&quot;classic&quot;}\">\n\t\t\t\t<div class=\"elementor-element elementor-element-f0d09c9 elementor-widget elementor-widget-heading\" data-id=\"f0d09c9\" data-element_type=\"widget\" data-e-type=\"widget\" data-widget_type=\"heading.default\">\n\t\t\t\t\t<h2 class=\"elementor-heading-title elementor-size-default\"><a href=\"https:\/\/arzagot.com\/es\/subvencion-programa-emplea-t-financiado-por-el-fondo-social-europeo\/\">Subvenci\u00f3n Programa EMPLEA-T Financiado por el Fondo Social Europeo<\/a><\/h2>\t\t\t\t<\/div>\n\t\t\t\t<div class=\"elementor-element elementor-element-0ca5c58 elementor-widget elementor-widget-theme-post-excerpt\" data-id=\"0ca5c58\" data-element_type=\"widget\" data-e-type=\"widget\" data-widget_type=\"theme-post-excerpt.default\">\n\t\t\t\t\t<p>Arzagot SL, con NIF B92418425, tiene concedida una ayuda del programa EMPLEA-T (Bolet\u00edn Oficial de...\t\t\t\t<\/div>\n\t\t\t\t<div class=\"elementor-element elementor-element-4dbf916 elementor-align-left elementor-widget elementor-widget-button\" data-id=\"4dbf916\" data-element_type=\"widget\" data-e-type=\"widget\" data-widget_type=\"button.default\">\n\t\t\t\t\t\t\t\t\t\t<a class=\"elementor-button elementor-button-link elementor-size-sm\" href=\"https:\/\/arzagot.com\/es\/subvencion-programa-emplea-t-financiado-por-el-fondo-social-europeo\/\">\n\t\t\t\t\t\t<span class=\"elementor-button-content-wrapper\">\n\t\t\t\t\t\t\t\t\t<span class=\"elementor-button-text\">LEER M\u00c1S<\/span>\n\t\t\t\t\t<\/span>\n\t\t\t\t\t<\/a>\n\t\t\t\t\t\t\t\t<\/div>\n\t\t\t\t<\/div>\n\t\t\t\t\t<\/div>\n\t\t\t\t<\/div>\n\t\t\t\t<\/div>\n\t\t\t\t<div data-elementor-type=\"loop-item\" data-elementor-id=\"1691\" class=\"elementor elementor-1691 elementor-1157 elementor-1157 e-loop-item e-loop-item-1566 post-1566 post type-post status-publish format-standard has-post-thumbnail hentry category-sin-categorizar\" data-elementor-post-type=\"elementor_library\" data-custom-edit-handle=\"1\">\n\t\t\t<div class=\"elementor-element elementor-element-877d610 e-flex e-con-boxed e-con e-parent\" data-id=\"877d610\" data-element_type=\"container\" data-e-type=\"container\">\n\t\t\t\t\t<div class=\"e-con-inner\">\n\t\t<a class=\"elementor-element elementor-element-22bfe73 e-con-full e-flex e-con e-child\" data-id=\"22bfe73\" data-element_type=\"container\" data-e-type=\"container\" data-settings=\"{&quot;background_background&quot;:&quot;classic&quot;}\" href=\"https:\/\/arzagot.com\/es\/cest-important-que-les-fruits-se-gorgent-de-soleil-claire-heitzler-une-patissiere-les-pieds-sur-terre\/\">\n\t\t\t\t<div class=\"elementor-element elementor-element-73a37de elementor-widget elementor-widget-theme-post-featured-image elementor-widget-image\" data-id=\"73a37de\" data-element_type=\"widget\" data-e-type=\"widget\" data-widget_type=\"theme-post-featured-image.default\">\n\t\t\t\t\t\t\t\t\t\t\t\t\t\t\t\t<a href=\"https:\/\/arzagot.com\/es\/cest-important-que-les-fruits-se-gorgent-de-soleil-claire-heitzler-une-patissiere-les-pieds-sur-terre\/\">\n\t\t\t\t\t\t\t<img decoding=\"async\" src=\"https:\/\/arzagot.com\/wp-content\/uploads\/elementor\/thumbs\/TARTA-DE-FRESAS-1-r2bryqc1uukeit3f2gtf2mmfw1jj5jtpzfmbzeajna.jpg\" title=\"TARTA DE FRESAS\" alt=\"TARTA DE FRESAS\" loading=\"lazy\" \/>\t\t\t\t\t\t\t\t<\/a>\n\t\t\t\t\t\t\t\t\t\t\t\t\t\t\t<\/div>\n\t\t\t\t<\/a>\n\t\t<div class=\"elementor-element elementor-element-393b49e e-con-full e-flex e-con e-child\" data-id=\"393b49e\" data-element_type=\"container\" data-e-type=\"container\" data-settings=\"{&quot;background_background&quot;:&quot;classic&quot;}\">\n\t\t\t\t<div class=\"elementor-element elementor-element-f0d09c9 elementor-widget elementor-widget-heading\" data-id=\"f0d09c9\" data-element_type=\"widget\" data-e-type=\"widget\" data-widget_type=\"heading.default\">\n\t\t\t\t\t<h2 class=\"elementor-heading-title elementor-size-default\"><a href=\"https:\/\/arzagot.com\/es\/cest-important-que-les-fruits-se-gorgent-de-soleil-claire-heitzler-une-patissiere-les-pieds-sur-terre\/\">\u00ab Es importante que los frutos se empapen de sol \u00bb: Claire Heitzler, una pastelera con los pies en la tierra.<\/a><\/h2>\t\t\t\t<\/div>\n\t\t\t\t<div class=\"elementor-element elementor-element-0ca5c58 elementor-widget elementor-widget-theme-post-excerpt\" data-id=\"0ca5c58\" data-element_type=\"widget\" data-e-type=\"widget\" data-widget_type=\"theme-post-excerpt.default\">\n\t\t\t\t\t<p>Desde su oficina-laboratorio-mostrador en los Altos del Sena, Claire Heitzler ofrece una gama selecta de...\t\t\t\t<\/div>\n\t\t\t\t<div class=\"elementor-element elementor-element-4dbf916 elementor-align-left elementor-widget elementor-widget-button\" data-id=\"4dbf916\" data-element_type=\"widget\" data-e-type=\"widget\" data-widget_type=\"button.default\">\n\t\t\t\t\t\t\t\t\t\t<a class=\"elementor-button elementor-button-link elementor-size-sm\" href=\"https:\/\/arzagot.com\/es\/cest-important-que-les-fruits-se-gorgent-de-soleil-claire-heitzler-une-patissiere-les-pieds-sur-terre\/\">\n\t\t\t\t\t\t<span class=\"elementor-button-content-wrapper\">\n\t\t\t\t\t\t\t\t\t<span class=\"elementor-button-text\">LEER M\u00c1S<\/span>\n\t\t\t\t\t<\/span>\n\t\t\t\t\t<\/a>\n\t\t\t\t\t\t\t\t<\/div>\n\t\t\t\t<\/div>\n\t\t\t\t\t<\/div>\n\t\t\t\t<\/div>\n\t\t\t\t<\/div>\n\t\t\t\t<div data-elementor-type=\"loop-item\" data-elementor-id=\"1691\" class=\"elementor elementor-1691 elementor-1157 elementor-1157 e-loop-item e-loop-item-1569 post-1569 post type-post status-publish format-standard has-post-thumbnail hentry category-sin-categorizar\" data-elementor-post-type=\"elementor_library\" data-custom-edit-handle=\"1\">\n\t\t\t<div class=\"elementor-element elementor-element-877d610 e-flex e-con-boxed e-con e-parent\" data-id=\"877d610\" data-element_type=\"container\" data-e-type=\"container\">\n\t\t\t\t\t<div class=\"e-con-inner\">\n\t\t<a class=\"elementor-element elementor-element-22bfe73 e-con-full e-flex e-con e-child\" data-id=\"22bfe73\" data-element_type=\"container\" data-e-type=\"container\" data-settings=\"{&quot;background_background&quot;:&quot;classic&quot;}\" href=\"https:\/\/arzagot.com\/es\/le-plus-grand-producteur-de-fraises-des-bois-despagne-se-trouve-en-axarquia\/\">\n\t\t\t\t<div class=\"elementor-element elementor-element-73a37de elementor-widget elementor-widget-theme-post-featured-image elementor-widget-image\" data-id=\"73a37de\" data-element_type=\"widget\" data-e-type=\"widget\" data-widget_type=\"theme-post-featured-image.default\">\n\t\t\t\t\t\t\t\t\t\t\t\t\t\t\t\t<a href=\"https:\/\/arzagot.com\/es\/le-plus-grand-producteur-de-fraises-des-bois-despagne-se-trouve-en-axarquia\/\">\n\t\t\t\t\t\t\t<img decoding=\"async\" src=\"https:\/\/arzagot.com\/wp-content\/uploads\/elementor\/thumbs\/fresas_xoptimizadax-660x371-1-r2bslh1h7jp5f6279spgwe0xang8dx3xfzu8zekn3q.webp\" title=\"fresas_xoptimizadax&#8211;660&#215;371\" alt=\"fresas_xoptimizadax--660x371\" loading=\"lazy\" \/>\t\t\t\t\t\t\t\t<\/a>\n\t\t\t\t\t\t\t\t\t\t\t\t\t\t\t<\/div>\n\t\t\t\t<\/a>\n\t\t<div class=\"elementor-element elementor-element-393b49e e-con-full e-flex e-con e-child\" data-id=\"393b49e\" data-element_type=\"container\" data-e-type=\"container\" data-settings=\"{&quot;background_background&quot;:&quot;classic&quot;}\">\n\t\t\t\t<div class=\"elementor-element elementor-element-f0d09c9 elementor-widget elementor-widget-heading\" data-id=\"f0d09c9\" data-element_type=\"widget\" data-e-type=\"widget\" data-widget_type=\"heading.default\">\n\t\t\t\t\t<h2 class=\"elementor-heading-title elementor-size-default\"><a href=\"https:\/\/arzagot.com\/es\/le-plus-grand-producteur-de-fraises-des-bois-despagne-se-trouve-en-axarquia\/\">El mayor productor de fresas salvajes de Espa\u00f1a est\u00e1 en la Axarqu\u00eda<\/a><\/h2>\t\t\t\t<\/div>\n\t\t\t\t<div class=\"elementor-element elementor-element-0ca5c58 elementor-widget elementor-widget-theme-post-excerpt\" data-id=\"0ca5c58\" data-element_type=\"widget\" data-e-type=\"widget\" data-widget_type=\"theme-post-excerpt.default\">\n\t\t\t\t\t<p>La empresa se llama Arzagot y lleva 43 a\u00f1os cultivando y produciendo fresas silvestres en...\t\t\t\t<\/div>\n\t\t\t\t<div class=\"elementor-element elementor-element-4dbf916 elementor-align-left elementor-widget elementor-widget-button\" data-id=\"4dbf916\" data-element_type=\"widget\" data-e-type=\"widget\" data-widget_type=\"button.default\">\n\t\t\t\t\t\t\t\t\t\t<a class=\"elementor-button elementor-button-link elementor-size-sm\" href=\"https:\/\/arzagot.com\/es\/le-plus-grand-producteur-de-fraises-des-bois-despagne-se-trouve-en-axarquia\/\">\n\t\t\t\t\t\t<span class=\"elementor-button-content-wrapper\">\n\t\t\t\t\t\t\t\t\t<span class=\"elementor-button-text\">LEER M\u00c1S<\/span>\n\t\t\t\t\t<\/span>\n\t\t\t\t\t<\/a>\n\t\t\t\t\t\t\t\t<\/div>\n\t\t\t\t<\/div>\n\t\t\t\t\t<\/div>\n\t\t\t\t<\/div>\n\t\t\t\t<\/div>\n\t\t\t\t<\/div>\n\t\t\n\t\t\t\t\t\t<\/div>\n\t\t\t\t<\/div>\n\t\t\t\t\t<\/div>\n\t\t\t\t<\/div>\n\t\t\t\t<\/div>\n\t\t","protected":false},"excerpt":{"rendered":"<p>BLOG<\/p>\n","protected":false},"author":1,"featured_media":0,"parent":0,"menu_order":0,"comment_status":"closed","ping_status":"closed","template":"","meta":{"site-sidebar-layout":"no-sidebar","site-content-layout":"page-builder","ast-site-content-layout":"full-width-container","site-content-style":"default","site-sidebar-style":"default","ast-global-header-display":"","ast-banner-title-visibility":"","ast-main-header-display":"","ast-hfb-above-header-display":"","ast-hfb-below-header-display":"","ast-hfb-mobile-header-display":"","site-post-title":"disabled","ast-breadcrumbs-content":"","ast-featured-img":"disabled","footer-sml-layout":"","ast-disable-related-posts":"","theme-transparent-header-meta":"","adv-header-id-meta":"","stick-header-meta":"","header-above-stick-meta":"","header-main-stick-meta":"","header-below-stick-meta":"","astra-migrate-meta-layouts":"set","ast-page-background-enabled":"default","ast-page-background-meta":{"desktop":{"background-color":"","background-image":"","background-repeat":"repeat","background-position":"center center","background-size":"auto","background-attachment":"scroll","background-type":"","background-media":"","overlay-type":"","overlay-color":"","overlay-opacity":"","overlay-gradient":""},"tablet":{"background-color":"","background-image":"","background-repeat":"repeat","background-position":"center center","background-size":"auto","background-attachment":"scroll","background-type":"","background-media":"","overlay-type":"","overlay-color":"","overlay-opacity":"","overlay-gradient":""},"mobile":{"background-color":"","background-image":"","background-repeat":"repeat","background-position":"center center","background-size":"auto","background-attachment":"scroll","background-type":"","background-media":"","overlay-type":"","overlay-color":"","overlay-opacity":"","overlay-gradient":""}},"ast-content-background-meta":{"desktop":{"background-color":"var(--ast-global-color-5)","background-image":"","background-repeat":"repeat","background-position":"center center","background-size":"auto","background-attachment":"scroll","background-type":"","background-media":"","overlay-type":"","overlay-color":"","overlay-opacity":"","overlay-gradient":""},"tablet":{"background-color":"var(--ast-global-color-5)","background-image":"","background-repeat":"repeat","background-position":"center center","background-size":"auto","background-attachment":"scroll","background-type":"","background-media":"","overlay-type":"","overlay-color":"","overlay-opacity":"","overlay-gradient":""},"mobile":{"background-color":"var(--ast-global-color-5)","background-image":"","background-repeat":"repeat","background-position":"center center","background-size":"auto","background-attachment":"scroll","background-type":"","background-media":"","overlay-type":"","overlay-color":"","overlay-opacity":"","overlay-gradient":""}},"footnotes":""},"class_list":["post-1579","page","type-page","status-publish","hentry"],"_links":{"self":[{"href":"https:\/\/arzagot.com\/es\/wp-json\/wp\/v2\/pages\/1579","targetHints":{"allow":["GET"]}}],"collection":[{"href":"https:\/\/arzagot.com\/es\/wp-json\/wp\/v2\/pages"}],"about":[{"href":"https:\/\/arzagot.com\/es\/wp-json\/wp\/v2\/types\/page"}],"author":[{"embeddable":true,"href":"https:\/\/arzagot.com\/es\/wp-json\/wp\/v2\/users\/1"}],"replies":[{"embeddable":true,"href":"https:\/\/arzagot.com\/es\/wp-json\/wp\/v2\/comments?post=1579"}],"version-history":[{"count":20,"href":"https:\/\/arzagot.com\/es\/wp-json\/wp\/v2\/pages\/1579\/revisions"}],"predecessor-version":[{"id":3139,"href":"https:\/\/arzagot.com\/es\/wp-json\/wp\/v2\/pages\/1579\/revisions\/3139"}],"wp:attachment":[{"href":"https:\/\/arzagot.com\/es\/wp-json\/wp\/v2\/media?parent=1579"}],"curies":[{"name":"wp","href":"https:\/\/api.w.org\/{rel}","templated":true}]}}