{"id":3772,"date":"2025-04-04T11:38:47","date_gmt":"2025-04-04T09:38:47","guid":{"rendered":"https:\/\/arzagot.com\/politique-environnementale\/"},"modified":"2025-04-04T11:48:22","modified_gmt":"2025-04-04T09:48:22","slug":"politica-de-medio-ambiente","status":"publish","type":"page","link":"https:\/\/arzagot.com\/es\/politica-de-medio-ambiente\/","title":{"rendered":"Pol\u00edtica de Medio Ambiente"},"content":{"rendered":"\n<figure class=\"wp-block-image size-full is-resized\"><img decoding=\"async\" width=\"91\" height=\"91\" src=\"https:\/\/arzagot.com\/wp-content\/uploads\/2025\/04\/Logo-ISO-14001-1.png\" alt=\"\" class=\"wp-image-3763\" style=\"width:129px;height:auto\"\/><\/figure>\n\n\n\n<p>En ARZAGOT hemos asumido el compromiso de mantener un Sistema de Gesti\u00f3n de Medio Ambiente, basado en los requisitos de la norma ISO 14001:2015, as\u00ed como trabajar para conseguir la excelencia y la mejora continua en el desarrollo de nuestras actividades de <strong>Manipulaci\u00f3n y Comercializaci\u00f3n de flores comestibles y fresa silvestre<\/strong>.<\/p>\n\n\n\n<p>Nuestra principal misi\u00f3n es ofrecer a nuestros clientes el mejor servicio posible bas\u00e1ndonos en el cumplimiento de est\u00e1ndares de Medio Ambiente, centrando nuestros objetivos en la protecci\u00f3n del medio ambiente.&nbsp;<\/p>\n\n\n\n<p>La responsabilidad de la puesta en marcha e implantaci\u00f3n del Sistema de Gesti\u00f3n incumbe a todas las \u00e1reas de nuestra empresa, por tanto, todos los trabajadores mantienen el compromiso de incorporar la gesti\u00f3n de medio ambiente en sus actividades cotidianas, as\u00ed como la minimizaci\u00f3n de la generaci\u00f3n de residuos y consumos.<\/p>\n\n\n\n<p>Para conseguirlo nos proponemos las siguientes METAS E HITOS:<\/p>\n\n\n\n<ul class=\"wp-block-list\">\n<li><strong>Uso responsable de recursos naturales, <\/strong>fomentar el uso eficiente del agua, la energ\u00eda y las materias primas, buscando siempre minimizar el desperdicio y promover el reciclaje dentro de las operaciones de la empresa.<\/li>\n\n\n\n<li><strong>Educaci\u00f3n y concienciaci\u00f3n, <\/strong>desarrollando programas internos de educaci\u00f3n ambiental para los empleados, fomentando la importancia de pr\u00e1cticas sostenibles tanto en el trabajo como en su vida personal.<\/li>\n\n\n\n<li><strong>Evaluaci\u00f3n y reducci\u00f3n de los Impactos Ambientales, <\/strong>realizando una evaluaci\u00f3n detallada de los impactos medioambientales actuales de la empresa, identificando \u00e1reas clave donde se puedan hacer mejoras y fijando objetivos medibles y alcanzables.<\/li>\n\n\n\n<li><strong>Cumplimiento de todos los requisitos legales<\/strong> aplicables a nuestra empresa, incluidos los medioambientales, as\u00ed como de otros requisitos que voluntariamente adquiramos en materia de seguridad alimentaria, legalidad y calidad de los productos y procesos.<\/li>\n\n\n\n<li>Mantener un <strong>alto compromiso con la protecci\u00f3n del medio ambiente<\/strong>, para lo que intentamos prevenir la contaminaci\u00f3n y minimizar los impactos generados en nuestras actividades, as\u00ed como controlar y minimizar, los recursos naturales que utilizamos, buscando la sostenibilidad.<\/li>\n<\/ul>\n\n\n\n<p>Nuestra organizaci\u00f3n se compromete a trabajar diariamente en la mejora continua del Sistema de Gesti\u00f3n, y a considerar esta Pol\u00edtica como marco de referencia para establecer y revisar sus objetivos y metas.<\/p>\n","protected":false},"excerpt":{"rendered":"<p>En ARZAGOT hemos asumido el compromiso de mantener un Sistema de Gesti\u00f3n de Medio Ambiente, basado en los requisitos de la norma ISO 14001:2015, as\u00ed como trabajar para conseguir la excelencia y la mejora continua en el desarrollo de nuestras actividades de Manipulaci\u00f3n y Comercializaci\u00f3n de flores comestibles y fresa silvestre. Nuestra principal misi\u00f3n es [&hellip;]<\/p>\n","protected":false},"author":1,"featured_media":0,"parent":0,"menu_order":0,"comment_status":"closed","ping_status":"closed","template":"","meta":{"site-sidebar-layout":"default","site-content-layout":"","ast-site-content-layout":"normal-width-container","site-content-style":"default","site-sidebar-style":"default","ast-global-header-display":"","ast-banner-title-visibility":"","ast-main-header-display":"","ast-hfb-above-header-display":"","ast-hfb-below-header-display":"","ast-hfb-mobile-header-display":"","site-post-title":"","ast-breadcrumbs-content":"","ast-featured-img":"","footer-sml-layout":"","ast-disable-related-posts":"","theme-transparent-header-meta":"","adv-header-id-meta":"","stick-header-meta":"","header-above-stick-meta":"","header-main-stick-meta":"","header-below-stick-meta":"","astra-migrate-meta-layouts":"set","ast-page-background-enabled":"default","ast-page-background-meta":{"desktop":{"background-color":"","background-image":"","background-repeat":"repeat","background-position":"center center","background-size":"auto","background-attachment":"scroll","background-type":"","background-media":"","overlay-type":"","overlay-color":"","overlay-opacity":"","overlay-gradient":""},"tablet":{"background-color":"","background-image":"","background-repeat":"repeat","background-position":"center center","background-size":"auto","background-attachment":"scroll","background-type":"","background-media":"","overlay-type":"","overlay-color":"","overlay-opacity":"","overlay-gradient":""},"mobile":{"background-color":"","background-image":"","background-repeat":"repeat","background-position":"center center","background-size":"auto","background-attachment":"scroll","background-type":"","background-media":"","overlay-type":"","overlay-color":"","overlay-opacity":"","overlay-gradient":""}},"ast-content-background-meta":{"desktop":{"background-color":"var(--ast-global-color-5)","background-image":"","background-repeat":"repeat","background-position":"center center","background-size":"auto","background-attachment":"scroll","background-type":"","background-media":"","overlay-type":"","overlay-color":"","overlay-opacity":"","overlay-gradient":""},"tablet":{"background-color":"var(--ast-global-color-5)","background-image":"","background-repeat":"repeat","background-position":"center center","background-size":"auto","background-attachment":"scroll","background-type":"","background-media":"","overlay-type":"","overlay-color":"","overlay-opacity":"","overlay-gradient":""},"mobile":{"background-color":"var(--ast-global-color-5)","background-image":"","background-repeat":"repeat","background-position":"center center","background-size":"auto","background-attachment":"scroll","background-type":"","background-media":"","overlay-type":"","overlay-color":"","overlay-opacity":"","overlay-gradient":""}},"footnotes":""},"class_list":["post-3772","page","type-page","status-publish","hentry"],"_links":{"self":[{"href":"https:\/\/arzagot.com\/es\/wp-json\/wp\/v2\/pages\/3772","targetHints":{"allow":["GET"]}}],"collection":[{"href":"https:\/\/arzagot.com\/es\/wp-json\/wp\/v2\/pages"}],"about":[{"href":"https:\/\/arzagot.com\/es\/wp-json\/wp\/v2\/types\/page"}],"author":[{"embeddable":true,"href":"https:\/\/arzagot.com\/es\/wp-json\/wp\/v2\/users\/1"}],"replies":[{"embeddable":true,"href":"https:\/\/arzagot.com\/es\/wp-json\/wp\/v2\/comments?post=3772"}],"version-history":[{"count":1,"href":"https:\/\/arzagot.com\/es\/wp-json\/wp\/v2\/pages\/3772\/revisions"}],"predecessor-version":[{"id":3773,"href":"https:\/\/arzagot.com\/es\/wp-json\/wp\/v2\/pages\/3772\/revisions\/3773"}],"wp:attachment":[{"href":"https:\/\/arzagot.com\/es\/wp-json\/wp\/v2\/media?parent=3772"}],"curies":[{"name":"wp","href":"https:\/\/api.w.org\/{rel}","templated":true}]}}